{"id":423,"date":"2024-03-06T13:39:43","date_gmt":"2024-03-06T13:39:43","guid":{"rendered":"https:\/\/colibriwp-work.colibriwp.com\/business-ii\/?page_id=423"},"modified":"2026-01-13T07:05:19","modified_gmt":"2026-01-13T07:05:19","slug":"yhteystiedot","status":"publish","type":"page","link":"https:\/\/mustolatimber.fi\/en\/yhteystiedot\/","title":{"rendered":"Contact"},"content":{"rendered":"<div data-colibri-id=\"423-c1\" class=\"style-942 style-local-423-c1 position-relative\">\n  <!---->\n  <div data-colibri-component=\"section\" data-colibri-id=\"423-c2\" id=\"contact-2\" class=\"h-section h-section-global-spacing d-flex align-items-lg-center align-items-md-center align-items-center style-949 style-local-423-c2 position-relative\">\n    <!---->\n    <!---->\n    <div class=\"h-section-grid-container h-section-fluid-container\">\n      <!---->\n      <div data-colibri-id=\"423-c3\" class=\"h-row-container gutters-row-lg-0 gutters-row-md-0 gutters-row-0 gutters-row-v-lg-0 gutters-row-v-md-0 gutters-row-v-0 style-950 style-local-423-c3 position-relative\">\n        <!---->\n        <div class=\"h-row justify-content-lg-center justify-content-md-center justify-content-center align-items-lg-stretch align-items-md-stretch align-items-stretch gutters-col-lg-0 gutters-col-md-0 gutters-col-0 gutters-col-v-lg-0 gutters-col-v-md-0 gutters-col-v-0\">\n          <!---->\n          <div class=\"h-column h-column-container d-flex h-col-lg-auto h-col-md-auto h-col-auto style-951-outer style-local-423-c4-outer\">\n            <div data-colibri-id=\"423-c4\" class=\"d-flex h-flex-basis h-column__inner h-ui-empty-state-container h-px-lg-0 h-px-md-0 h-px-0 v-inner-lg-0 v-inner-md-0 v-inner-0 style-951 style-local-423-c4 position-relative\">\n              <!---->\n              <!---->\n              <div class=\"w-100 h-y-container h-column__content h-column__v-align flex-basis-100\">\n                <!---->\n              <\/div>\n            <\/div>\n          <\/div>\n          <div class=\"h-column h-column-container d-flex h-col-lg-auto h-col-md-auto h-col-auto style-952-outer style-local-423-c5-outer\">\n            <div data-colibri-id=\"423-c5\" class=\"d-flex h-flex-basis h-column__inner h-px-lg-3 h-px-md-3 h-px-3 v-inner-lg-3 v-inner-md-3 v-inner-3 style-952 style-local-423-c5 position-relative\">\n              <!---->\n              <!---->\n              <div class=\"w-100 h-y-container h-column__content h-column__v-align flex-basis-100 align-self-lg-center align-self-md-center align-self-center\">\n                <!---->\n                <div data-colibri-id=\"423-c6\" class=\"h-global-transition-all h-heading style-953 style-local-423-c6 position-relative h-element\">\n                  <!---->\n                  <div class=\"h-heading__outer style-953 style-local-423-c6\">\n                    <!---->\n                    <!---->\n                    <h2 class=\"\">Contact<\/h2>\n                  <\/div>\n                <\/div>\n                <div data-colibri-id=\"423-c7\" class=\"h-text h-text-component style-954 style-local-423-c7 position-relative h-element\">\n                  <!---->\n                  <!---->\n                  <div class=\"\">\n                    <p class=\"translation-block\"><span style=\"font-weight: 700\">Mustola Timber Oy<br><\/span>Y-tunnus: 1506031-3\n                      <br>Terminaalinkatu 20, 53420 Lappeenranta\n                      <br>\n                      <br><span style=\"font-weight: 700\">Delivery \/ invoicing\u00a0<br><\/span>info@mustolatimber.fi<\/p>\n                  <\/div>\n                <\/div>\n                <div data-colibri-id=\"423-c8\" class=\"h-row-container gutters-row-lg-1 gutters-row-md-1 gutters-row-0 gutters-row-v-lg-1 gutters-row-v-md-1 gutters-row-v-1 style-956 style-local-423-c8 position-relative\">\n                  <!---->\n                  <div class=\"h-row justify-content-lg-start justify-content-md-start justify-content-start align-items-lg-stretch align-items-md-stretch align-items-stretch gutters-col-lg-1 gutters-col-md-1 gutters-col-0 gutters-col-v-lg-1 gutters-col-v-md-1 gutters-col-v-1\">\n                    <!---->\n                    <div class=\"h-column h-column-container d-flex h-col-lg-auto h-col-md-auto h-col-auto style-957-outer style-local-423-c9-outer\">\n                      <div data-colibri-id=\"423-c9\" class=\"d-flex h-flex-basis h-column__inner h-px-lg-0 h-px-md-0 h-px-0 v-inner-lg-0 v-inner-md-0 v-inner-0 style-957 style-local-423-c9 position-relative\">\n                        <!---->\n                        <!---->\n                        <div class=\"w-100 h-y-container h-column__content h-column__v-align flex-basis-100 align-self-lg-start align-self-md-start align-self-start\">\n                          <!---->\n                          <div data-colibri-id=\"423-c10\" class=\"h-text h-text-component style-961 style-local-423-c10 position-relative h-element\">\n                            <!---->\n                            <!---->\n                            <div class=\"\">\n                              <p><strong>Chief Executive Officer<\/strong>\n                                <br>Raine Koskinen\n                                <br>raine.koskinen@mustolatimber.fi\n                                <br><em>+358 500 192 910<\/em><\/p>\n                            <\/div>\n                          <\/div>\n                        <\/div>\n                      <\/div>\n                    <\/div>\n                    <div class=\"h-column h-column-container d-flex h-col-lg-auto h-col-md-auto h-col-auto style-957-outer style-local-423-c11-outer\">\n                      <div data-colibri-id=\"423-c11\" class=\"d-flex h-flex-basis h-column__inner h-px-lg-0 h-px-md-0 h-px-0 v-inner-lg-0 v-inner-md-0 v-inner-0 style-957 style-local-423-c11 position-relative\">\n                        <!---->\n                        <!---->\n                        <div class=\"w-100 h-y-container h-column__content h-column__v-align flex-basis-100 align-self-lg-start align-self-md-start align-self-start\">\n                          <!---->\n                          <div data-colibri-id=\"423-c12\" class=\"h-text h-text-component style-964 style-local-423-c12 position-relative h-element\">\n                            <!---->\n                            <!---->\n                            <div class=\"\">\n                              <p><strong>Sales<\/strong>\n                                <br>Zakaria El Youbi \/ Chief Operating Officer\n                                <br>zakaria.el.youbi@mustolatimber.fi\n                                <br><em>+358 400 192 910<\/em><\/p>\n                            <\/div>\n                          <\/div>\n                        <\/div>\n                      <\/div>\n                    <\/div>\n                    <div class=\"h-column h-column-container d-flex h-col-lg-auto h-col-md-auto h-col-auto style-957-outer style-local-423-c13-outer\">\n                      <div data-colibri-id=\"423-c13\" class=\"d-flex h-flex-basis h-column__inner h-px-lg-0 h-px-md-0 h-px-0 v-inner-lg-0 v-inner-md-0 v-inner-0 style-957 style-local-423-c13 position-relative\">\n                        <!---->\n                        <!---->\n                        <div class=\"w-100 h-y-container h-column__content h-column__v-align flex-basis-100 align-self-lg-start align-self-md-start align-self-start\">\n                          <!---->\n                          <div data-colibri-id=\"423-c14\" class=\"h-text h-text-component style-964 style-local-423-c14 position-relative h-element\">\n                            <!---->\n                            <!---->\n                            <div class=\"\">\n                              <p><strong>Logistics<\/strong>\n                                <br>Eetu Damski \/ Logistics Manager\n                                <br><span target=\"_blank\">eetu.damski@mustolatimber.fi<br><\/span>+358&nbsp;503&nbsp;898&nbsp;217<\/p>\n                            <\/div>\n                          <\/div>\n                        <\/div>\n                      <\/div>\n                    <\/div>\n                    <div class=\"h-column h-column-container d-flex h-col-lg-auto h-col-md-auto h-col-auto style-957-outer style-local-423-c20-outer\">\n                      <div data-colibri-id=\"423-c20\" class=\"d-flex h-flex-basis h-column__inner h-px-lg-0 h-px-md-0 h-px-0 v-inner-lg-0 v-inner-md-0 v-inner-0 style-957 style-local-423-c20 position-relative\">\n                        <!---->\n                        <!---->\n                        <div class=\"w-100 h-y-container h-column__content h-column__v-align flex-basis-100 align-self-lg-start align-self-md-start align-self-start\">\n                          <!---->\n                          <div data-colibri-id=\"423-c21\" class=\"h-text h-text-component style-964 style-local-423-c21 position-relative h-element\">\n                            <!---->\n                            <!---->\n                            <div class=\"\">\n                              <p><strong>Maintenance<\/strong>\n                                <br>Erkki Kulju\/ Maintenance Manager<span target=\"_blank\"><br>erkki.kulju@mustolatimber.fi<br><\/span>+358 503 109 919<\/p>\n                            <\/div>\n                          <\/div>\n                        <\/div>\n                      <\/div>\n                    <\/div>\n                  <\/div>\n                <\/div>\n                <div data-colibri-id=\"423-c15\" class=\"h-global-transition-all h-heading style-953 style-local-423-c15 position-relative h-element\">\n                  <!---->\n                  <div class=\"h-heading__outer style-953 style-local-423-c15\">\n                    <!---->\n                    <!---->\n                    <h2 class=\"\">Loading times<\/h2>\n                  <\/div>\n                <\/div>\n                <div data-colibri-id=\"423-c16\" class=\"h-text h-text-component style-965 style-local-423-c16 position-relative h-element\">\n                  <!---->\n                  <!---->\n                  <div class=\"\">\n                    <p>Mon - Fri: 07.00 - 15.00<\/p>\n                  <\/div>\n                <\/div>\n                <div data-colibri-id=\"423-c17\" class=\"h-global-transition-all h-heading style-953 style-local-423-c17 position-relative h-element\">\n                  <!---->\n                  <div class=\"h-heading__outer style-953 style-local-423-c17\">\n                    <!---->\n                    <!---->\n                    <h2 class=\"\">Billing information<\/h2>\n                  <\/div>\n                <\/div>\n                <div data-colibri-id=\"423-c18\" class=\"h-text h-text-component style-966 style-local-423-c18 position-relative h-element\">\n                  <!---->\n                  <!---->\n                  <div class=\"\">\n                    <p>E-invoicing address: 003715060313\n                      <br>Operator: Open Text Oy\n                      <br>Operator ID: 003708599126\n                      <br>Via email:&nbsp;\n                      <a href=\"mailto:fennoa.503882@erin.posti.com\">fennoa.503882@erin.posti.com<\/a>\n                    <\/p>\n                  <\/div>\n                <\/div>\n                <div data-colibri-id=\"423-c19\" class=\"style-1027 style-local-423-c19 position-relative h-element\">\n                  <!---->\n                  <div class=\"\">\n                    <iframe src=\"https:\/\/www.google.com\/maps\/embed?pb=!1m18!1m12!1m3!1d1931.109020710248!2d28.34386627766559!3d61.052417675494276!2m3!1f0!2f0!3f0!3m2!1i1024!2i768!4f13.1!3m3!1m2!1s0x4690be855c511db1%3A0xc7143186e2c97ed3!2sMustola%20Timber%20Oy!5e0!3m2!1sfi!2sfi!4v1722251727756!5m2!1sfi!2sfi\"\n                      width=\"600\" height=\"450\" style=\"border:0;\" allowfullscreen=\"\" loading=\"lazy\" referrerpolicy=\"no-referrer-when-downgrade\"><\/iframe>\n                  <\/div>\n                <\/div>\n              <\/div>\n            <\/div>\n          <\/div>\n        <\/div>\n      <\/div>\n    <\/div>\n  <\/div>\n<\/div>","protected":false},"excerpt":{"rendered":"<p>Yhteystiedot Mustola Timber OyY-tunnus: 1506031-3 Terminaalinkatu 20, 53420 Lappeenranta Toimisto \/ Laskutus&nbsp;info@mustolatimber.fi Toimitusjohtaja Raine Koskinen raine.koskinen@mustolatimber.fi +358 500 192 910 Myynti Zakaria El Youbi \/ Operatiivinen johtaja zakaria.el.youbi@mustolatimber.fi +358 400 192 910 Logistiikka Eetu Damski \/ Logistiikkap\u00e4\u00e4llikk\u00f6 eetu.damski@mustolatimber.fi+358&nbsp;503&nbsp;898&nbsp;217 Kunnossapito Erkki Kulju\/ Kunnossapitop\u00e4\u00e4likk\u00f6erkki.kulju@mustolatimber.fi+358 503 109 919 Lastausajat Ma &#8211; Pe: 07.00 &#8211; 15.00 Laskutustiedot OVT -tunnus: [&hellip;]<\/p>\n","protected":false},"author":1,"featured_media":0,"parent":0,"menu_order":0,"comment_status":"closed","ping_status":"closed","template":"page-templates\/full-width-page.php","meta":{"footnotes":""},"class_list":["post-423","page","type-page","status-publish","hentry"],"yoast_head":"<!-- This site is optimized with the Yoast SEO plugin v27.3 - https:\/\/yoast.com\/product\/yoast-seo-wordpress\/ -->\n<title>Yhteystiedot - Mustola Timber<\/title>\n<meta name=\"description\" content=\"Mustola Timber Oy yhteystiedot. Terminaalinkatu 20, 53420, Lappeenranta. info@mustolatimber.fi \/ +358 500 192 910\" \/>\n<meta name=\"robots\" content=\"index, follow, max-snippet:-1, max-image-preview:large, max-video-preview:-1\" \/>\n<link rel=\"canonical\" href=\"https:\/\/mustolatimber.fi\/en\/yhteystiedot\/\" \/>\n<meta property=\"og:locale\" content=\"en_GB\" \/>\n<meta property=\"og:type\" content=\"article\" \/>\n<meta property=\"og:title\" content=\"Yhteystiedot - Mustola Timber\" \/>\n<meta property=\"og:description\" content=\"Mustola Timber Oy yhteystiedot. Terminaalinkatu 20, 53420, Lappeenranta. info@mustolatimber.fi \/ +358 500 192 910\" \/>\n<meta property=\"og:url\" content=\"https:\/\/mustolatimber.fi\/en\/yhteystiedot\/\" \/>\n<meta property=\"og:site_name\" content=\"Mustola Timber\" \/>\n<meta property=\"article:modified_time\" content=\"2026-01-13T07:05:19+00:00\" \/>\n<meta name=\"twitter:card\" content=\"summary_large_image\" \/>\n<meta name=\"twitter:label1\" content=\"Estimated reading time\" \/>\n\t<meta name=\"twitter:data1\" content=\"1 minute\" \/>\n<script type=\"application\/ld+json\" class=\"yoast-schema-graph\">{\"@context\":\"https:\\\/\\\/schema.org\",\"@graph\":[{\"@type\":\"WebPage\",\"@id\":\"https:\\\/\\\/mustolatimber.fi\\\/yhteystiedot\\\/\",\"url\":\"https:\\\/\\\/mustolatimber.fi\\\/yhteystiedot\\\/\",\"name\":\"Yhteystiedot - Mustola Timber\",\"isPartOf\":{\"@id\":\"https:\\\/\\\/mustolatimber.fi\\\/#website\"},\"datePublished\":\"2024-03-06T13:39:43+00:00\",\"dateModified\":\"2026-01-13T07:05:19+00:00\",\"description\":\"Mustola Timber Oy yhteystiedot. Terminaalinkatu 20, 53420, Lappeenranta. info@mustolatimber.fi \\\/ +358 500 192 910\",\"breadcrumb\":{\"@id\":\"https:\\\/\\\/mustolatimber.fi\\\/yhteystiedot\\\/#breadcrumb\"},\"inLanguage\":\"en-GB\",\"potentialAction\":[{\"@type\":\"ReadAction\",\"target\":[\"https:\\\/\\\/mustolatimber.fi\\\/yhteystiedot\\\/\"]}]},{\"@type\":\"BreadcrumbList\",\"@id\":\"https:\\\/\\\/mustolatimber.fi\\\/yhteystiedot\\\/#breadcrumb\",\"itemListElement\":[{\"@type\":\"ListItem\",\"position\":1,\"name\":\"Etusivu\",\"item\":\"https:\\\/\\\/mustolatimber.fi\\\/\"},{\"@type\":\"ListItem\",\"position\":2,\"name\":\"Yhteystiedot\"}]},{\"@type\":\"WebSite\",\"@id\":\"https:\\\/\\\/mustolatimber.fi\\\/#website\",\"url\":\"https:\\\/\\\/mustolatimber.fi\\\/\",\"name\":\"Mustola Timber\",\"description\":\"Mustola Timber Oy on nykyaikainen sahalaitos Lappeenrannassa Saimaan kanavan varrella. Olemme toimineet vuodesta 1999. Yrityksemme p\u00e4\u00e4tuote on m\u00e4\u00e4r\u00e4mittainen kuusisahatavara, joka on sahattu erikoisdimensioihin asiakkaiden toiveiden mukaisesti.\",\"publisher\":{\"@id\":\"https:\\\/\\\/mustolatimber.fi\\\/#organization\"},\"potentialAction\":[{\"@type\":\"SearchAction\",\"target\":{\"@type\":\"EntryPoint\",\"urlTemplate\":\"https:\\\/\\\/mustolatimber.fi\\\/?s={search_term_string}\"},\"query-input\":{\"@type\":\"PropertyValueSpecification\",\"valueRequired\":true,\"valueName\":\"search_term_string\"}}],\"inLanguage\":\"en-GB\"},{\"@type\":\"Organization\",\"@id\":\"https:\\\/\\\/mustolatimber.fi\\\/#organization\",\"name\":\"Mustola Timber\",\"url\":\"https:\\\/\\\/mustolatimber.fi\\\/\",\"logo\":{\"@type\":\"ImageObject\",\"inLanguage\":\"en-GB\",\"@id\":\"https:\\\/\\\/mustolatimber.fi\\\/#\\\/schema\\\/logo\\\/image\\\/\",\"url\":\"https:\\\/\\\/mustolatimber.fi\\\/wp-content\\\/uploads\\\/2024\\\/06\\\/MT-logo-valkoinen0.png\",\"contentUrl\":\"https:\\\/\\\/mustolatimber.fi\\\/wp-content\\\/uploads\\\/2024\\\/06\\\/MT-logo-valkoinen0.png\",\"width\":1182,\"height\":709,\"caption\":\"Mustola Timber\"},\"image\":{\"@id\":\"https:\\\/\\\/mustolatimber.fi\\\/#\\\/schema\\\/logo\\\/image\\\/\"}}]}<\/script>\n<!-- \/ Yoast SEO plugin. -->","yoast_head_json":{"title":"Yhteystiedot - Mustola Timber","description":"Mustola Timber Oy yhteystiedot. Terminaalinkatu 20, 53420, Lappeenranta. info@mustolatimber.fi \/ +358 500 192 910","robots":{"index":"index","follow":"follow","max-snippet":"max-snippet:-1","max-image-preview":"max-image-preview:large","max-video-preview":"max-video-preview:-1"},"canonical":"https:\/\/mustolatimber.fi\/en\/yhteystiedot\/","og_locale":"en_GB","og_type":"article","og_title":"Yhteystiedot - Mustola Timber","og_description":"Mustola Timber Oy yhteystiedot. Terminaalinkatu 20, 53420, Lappeenranta. info@mustolatimber.fi \/ +358 500 192 910","og_url":"https:\/\/mustolatimber.fi\/en\/yhteystiedot\/","og_site_name":"Mustola Timber","article_modified_time":"2026-01-13T07:05:19+00:00","twitter_card":"summary_large_image","twitter_misc":{"Estimated reading time":"1 minute"},"schema":{"@context":"https:\/\/schema.org","@graph":[{"@type":"WebPage","@id":"https:\/\/mustolatimber.fi\/yhteystiedot\/","url":"https:\/\/mustolatimber.fi\/yhteystiedot\/","name":"Yhteystiedot - Mustola Timber","isPartOf":{"@id":"https:\/\/mustolatimber.fi\/#website"},"datePublished":"2024-03-06T13:39:43+00:00","dateModified":"2026-01-13T07:05:19+00:00","description":"Mustola Timber Oy yhteystiedot. Terminaalinkatu 20, 53420, Lappeenranta. info@mustolatimber.fi \/ +358 500 192 910","breadcrumb":{"@id":"https:\/\/mustolatimber.fi\/yhteystiedot\/#breadcrumb"},"inLanguage":"en-GB","potentialAction":[{"@type":"ReadAction","target":["https:\/\/mustolatimber.fi\/yhteystiedot\/"]}]},{"@type":"BreadcrumbList","@id":"https:\/\/mustolatimber.fi\/yhteystiedot\/#breadcrumb","itemListElement":[{"@type":"ListItem","position":1,"name":"Etusivu","item":"https:\/\/mustolatimber.fi\/"},{"@type":"ListItem","position":2,"name":"Yhteystiedot"}]},{"@type":"WebSite","@id":"https:\/\/mustolatimber.fi\/#website","url":"https:\/\/mustolatimber.fi\/","name":"Mustola Timber","description":"Mustola Timber Oy on nykyaikainen sahalaitos Lappeenrannassa Saimaan kanavan varrella. Olemme toimineet vuodesta 1999. Yrityksemme p\u00e4\u00e4tuote on m\u00e4\u00e4r\u00e4mittainen kuusisahatavara, joka on sahattu erikoisdimensioihin asiakkaiden toiveiden mukaisesti.","publisher":{"@id":"https:\/\/mustolatimber.fi\/#organization"},"potentialAction":[{"@type":"SearchAction","target":{"@type":"EntryPoint","urlTemplate":"https:\/\/mustolatimber.fi\/?s={search_term_string}"},"query-input":{"@type":"PropertyValueSpecification","valueRequired":true,"valueName":"search_term_string"}}],"inLanguage":"en-GB"},{"@type":"Organization","@id":"https:\/\/mustolatimber.fi\/#organization","name":"Mustola Timber","url":"https:\/\/mustolatimber.fi\/","logo":{"@type":"ImageObject","inLanguage":"en-GB","@id":"https:\/\/mustolatimber.fi\/#\/schema\/logo\/image\/","url":"https:\/\/mustolatimber.fi\/wp-content\/uploads\/2024\/06\/MT-logo-valkoinen0.png","contentUrl":"https:\/\/mustolatimber.fi\/wp-content\/uploads\/2024\/06\/MT-logo-valkoinen0.png","width":1182,"height":709,"caption":"Mustola Timber"},"image":{"@id":"https:\/\/mustolatimber.fi\/#\/schema\/logo\/image\/"}}]}},"_links":{"self":[{"href":"https:\/\/mustolatimber.fi\/en\/wp-json\/wp\/v2\/pages\/423","targetHints":{"allow":["GET"]}}],"collection":[{"href":"https:\/\/mustolatimber.fi\/en\/wp-json\/wp\/v2\/pages"}],"about":[{"href":"https:\/\/mustolatimber.fi\/en\/wp-json\/wp\/v2\/types\/page"}],"author":[{"embeddable":true,"href":"https:\/\/mustolatimber.fi\/en\/wp-json\/wp\/v2\/users\/1"}],"replies":[{"embeddable":true,"href":"https:\/\/mustolatimber.fi\/en\/wp-json\/wp\/v2\/comments?post=423"}],"version-history":[{"count":17,"href":"https:\/\/mustolatimber.fi\/en\/wp-json\/wp\/v2\/pages\/423\/revisions"}],"predecessor-version":[{"id":2585,"href":"https:\/\/mustolatimber.fi\/en\/wp-json\/wp\/v2\/pages\/423\/revisions\/2585"}],"wp:attachment":[{"href":"https:\/\/mustolatimber.fi\/en\/wp-json\/wp\/v2\/media?parent=423"}],"curies":[{"name":"wp","href":"https:\/\/api.w.org\/{rel}","templated":true}]}}