{"id":230,"date":"2024-03-06T12:19:03","date_gmt":"2024-03-06T12:19:03","guid":{"rendered":"https:\/\/colibriwp-work.colibriwp.com\/business-ii\/?page_id=230"},"modified":"2024-08-26T07:21:09","modified_gmt":"2024-08-26T07:21:09","slug":"yrityksen-historia","status":"publish","type":"page","link":"https:\/\/mustolatimber.fi\/en\/yrityksen-historia\/","title":{"rendered":"History"},"content":{"rendered":"<div data-colibri-id=\"230-c1\" class=\"style-884 style-local-230-c1 position-relative\">\n  <!---->\n  <div data-colibri-component=\"section\" data-colibri-id=\"230-c2\" id=\"features\" class=\"h-section h-section-global-spacing d-flex align-items-lg-center align-items-md-center align-items-center style-885 style-local-230-c2 position-relative\">\n    <!---->\n    <!---->\n    <div class=\"h-section-grid-container h-section-boxed-container\">\n      <div data-colibri-id=\"230-c10\" class=\"h-row-container gutters-row-lg-2 gutters-row-md-2 gutters-row-0 gutters-row-v-lg-2 gutters-row-v-md-2 gutters-row-v-2 style-894 style-local-230-c10 position-relative\">\n        <!---->\n        <div class=\"h-row justify-content-lg-center justify-content-md-center justify-content-center align-items-lg-stretch align-items-md-stretch align-items-stretch gutters-col-lg-2 gutters-col-md-2 gutters-col-0 gutters-col-v-lg-2 gutters-col-v-md-2 gutters-col-v-2\">\n          <!---->\n          <div class=\"h-column h-column-container d-flex h-col-lg-auto h-col-md-auto h-col-auto style-895-outer style-local-230-c11-outer\">\n            <div data-colibri-id=\"230-c11\" class=\"d-flex h-flex-basis h-column__inner h-px-lg-2 h-px-md-2 h-px-2 v-inner-lg-2 v-inner-md-2 v-inner-2 style-895 style-local-230-c11 position-relative\">\n              <!---->\n              <!---->\n              <div class=\"w-100 h-y-container h-column__content h-column__v-align flex-basis-100 align-self-lg-start align-self-md-start align-self-start\">\n                <!---->\n                <div data-colibri-id=\"230-c12\" class=\"h-global-transition-all h-heading style-896 style-local-230-c12 position-relative h-element\">\n                  <!---->\n                  <div class=\"h-heading__outer style-896 style-local-230-c12\">\n                    <!---->\n                    <!---->\n                    <h5 class=\"\">Mustola timber<\/h5>\n                  <\/div>\n                <\/div>\n                <div data-colibri-id=\"230-c13\" class=\"h-global-transition-all h-heading style-897 style-local-230-c13 position-relative h-element\">\n                  <!---->\n                  <div class=\"h-heading__outer style-897 style-local-230-c13\">\n                    <!---->\n                    <!---->\n                    <h2 class=\"\">Since 1999, constantly evolving<\/h2>\n                  <\/div>\n                <\/div>\n                <div data-colibri-id=\"230-c14\" class=\"h-text h-text-component style-898 style-local-230-c14 position-relative h-element\">\n                  <!---->\n                  <!---->\n                  <div class=\"\">\n                    <p>Mustola Timber Oy was founded in 1999 by Martti and Marja Taimela in the port area of Mustola.<\/p>\n                    <p>In 2015, Raine Koskinen, who worked at the sawmill, bought the company, after which Conrastock Oy and Szepaniak Oy joined the firm. Today, Koskinen is the company's CEO and chairman of the board.<\/p>\n                    <p>When planning the purchase, Koskinen drew up an investment plan that was intended to catch up on the company's investment debt and improve production efficiency at the same time.<\/p>\n                    <p>The first change was a heating plant built in 2016 and two drying chambers.<\/p>\n                    <p>In 2018, Mustola Timber was the first sawmill to use Finnos Oy's Fusion log scanner, which combines advanced laser and X-ray scanning technologies. It improved the quality of the products and made the use of raw materials more efficient.<\/p>\n                    <p>In the same year, the company built more drying capacity.<\/p>\n                    <p>In 2019, the Optimizer x-ray system supplied by Finnos was put into use for log turning.<\/p>\n                    <p>In July 2021, an equipment failure occurred at the sawmill, which caused a large fire at the rear end of the sawmill. Nothing could be done to save the more than 1,000 square meter hall. It was completely destroyed.<\/p>\n                    <p>A couple of days after the fire the owners decided to rebuild the facility. During planning and construction sawing continued every other week in Kouvola, which enabled partial deliveries of lumber to the main market areas. The staff was not laid off during the reconstruction and everyone stayed on the company's payroll.<\/p>\n                    <p>The first products from the new plant were released at the end of August 2022, i.e. about a year after the accident, and production has been ramping up during 2023.<\/p>\n                    <p>The company has 12 employees. Most of them have been with the company since the beginning of the 2000s.<\/p>\n                  <\/div>\n                <\/div>\n              <\/div>\n            <\/div>\n          <\/div>\n        <\/div>\n      <\/div>\n      <div data-colibri-id=\"230-c3\" class=\"h-row-container gutters-row-lg-1 gutters-row-md-1 gutters-row-2 gutters-row-v-lg-1 gutters-row-v-md-1 gutters-row-v-1 style-886 style-local-230-c3 position-relative\">\n        <!---->\n        <div class=\"h-row justify-content-lg-center justify-content-md-center justify-content-center align-items-lg-stretch align-items-md-stretch align-items-stretch gutters-col-lg-1 gutters-col-md-1 gutters-col-2 gutters-col-v-lg-1 gutters-col-v-md-1 gutters-col-v-1\">\n          <!---->\n          <div class=\"h-column h-column-container d-flex h-col-lg-4 h-col-md-6 h-col-12 style-891-outer style-local-230-c4-outer\">\n            <div data-colibri-id=\"230-c4\" class=\"d-flex h-flex-basis h-column__inner h-ui-empty-state-container h-px-lg-0 h-px-md-0 h-px-0 v-inner-lg-0 v-inner-md-0 v-inner-0 style-891 style-local-230-c4 position-relative\">\n              <!---->\n              <!---->\n              <div class=\"w-100 h-y-container h-column__content h-column__v-align flex-basis-100\">\n                <!---->\n              <\/div>\n            <\/div>\n          <\/div>\n          <div class=\"h-column h-column-container d-flex h-col-lg-4 h-col-md-6 h-col-12 style-888-outer style-local-230-c5-outer\">\n            <div data-colibri-id=\"230-c5\" class=\"d-flex h-flex-basis h-column__inner h-ui-empty-state-container h-px-lg-2 h-px-md-0 h-px-2 v-inner-lg-2 v-inner-md-0 v-inner-2 style-888 style-local-230-c5 position-relative\">\n              <!---->\n              <!---->\n              <div class=\"w-100 h-y-container h-column__content h-column__v-align flex-basis-100\">\n                <!---->\n              <\/div>\n            <\/div>\n          <\/div>\n          <div class=\"h-column h-column-container d-flex h-col-lg-4 h-col-md-6 h-col-12 style-887-outer style-local-230-c6-outer\">\n            <div data-colibri-id=\"230-c6\" class=\"d-flex h-flex-basis h-column__inner h-ui-empty-state-container h-px-lg-0 h-px-md-0 h-px-0 v-inner-lg-0 v-inner-md-0 v-inner-0 style-887 style-local-230-c6 position-relative\">\n              <!---->\n              <!---->\n              <div class=\"w-100 h-y-container h-column__content h-column__v-align flex-basis-100\">\n                <!---->\n              <\/div>\n            <\/div>\n          <\/div>\n          <div class=\"h-column h-column-container d-flex h-col-lg-4 h-col-md-6 h-col-12 style-890-outer style-local-230-c7-outer\">\n            <div data-colibri-id=\"230-c7\" class=\"d-flex h-flex-basis h-column__inner h-ui-empty-state-container h-px-lg-0 h-px-md-0 h-px-0 v-inner-lg-0 v-inner-md-0 v-inner-0 style-890 style-local-230-c7 position-relative\">\n              <!---->\n              <!---->\n              <div class=\"w-100 h-y-container h-column__content h-column__v-align flex-basis-100\">\n                <!---->\n              <\/div>\n            <\/div>\n          <\/div>\n          <div class=\"h-column h-column-container d-flex h-col-lg-4 h-col-md-6 h-col-12 style-893-outer style-local-230-c8-outer\">\n            <div data-colibri-id=\"230-c8\" class=\"d-flex h-flex-basis h-column__inner h-ui-empty-state-container h-px-lg-0 h-px-md-0 h-px-0 v-inner-lg-0 v-inner-md-0 v-inner-0 style-893 style-local-230-c8 position-relative\">\n              <!---->\n              <!---->\n              <div class=\"w-100 h-y-container h-column__content h-column__v-align flex-basis-100\">\n                <!---->\n              <\/div>\n            <\/div>\n          <\/div>\n          <div class=\"h-column h-column-container d-flex h-col-lg-4 h-col-md-6 h-col-12 style-892-outer style-local-230-c9-outer\">\n            <div data-colibri-id=\"230-c9\" class=\"d-flex h-flex-basis h-column__inner h-ui-empty-state-container h-px-lg-0 h-px-md-0 h-px-0 v-inner-lg-0 v-inner-md-0 v-inner-0 style-892 style-local-230-c9 position-relative\">\n              <!---->\n              <!---->\n              <div class=\"w-100 h-y-container h-column__content h-column__v-align flex-basis-100\">\n                <!---->\n              <\/div>\n            <\/div>\n          <\/div>\n        <\/div>\n      <\/div>\n    <\/div>\n  <\/div>\n  <div data-colibri-component=\"section\" data-colibri-id=\"230-c15\" id=\"reusable-sections\" class=\"h-section h-section-global-spacing d-flex align-items-lg-center align-items-md-center align-items-center style-1014 style-local-230-c15 position-relative\">\n    <div class=\"background-wrapper\">\n      <div class=\"background-layer background-layer-media-container-lg\">\n        <!---->\n        <div class=\"overlay-layer\">\n          <div class=\"overlay-image-layer\" style=\"background-color: rgb(1, 87, 167); opacity: 0.7;\"><\/div>\n        <\/div>\n      <\/div>\n      <div class=\"background-layer background-layer-media-container-md\">\n        <!---->\n        <div class=\"overlay-layer\">\n          <div class=\"overlay-image-layer\" style=\"background-color: rgb(1, 87, 167); opacity: 0.7;\"><\/div>\n        <\/div>\n      <\/div>\n      <div class=\"background-layer background-layer-media-container\">\n        <!---->\n        <div class=\"overlay-layer\">\n          <div class=\"overlay-image-layer\" style=\"background-color: rgb(1, 87, 167); opacity: 0.7;\"><\/div>\n        <\/div>\n      <\/div>\n    <\/div>\n    <!---->\n    <div class=\"h-section-grid-container h-section-boxed-container\">\n      <!---->\n      <div data-colibri-id=\"230-c16\" class=\"h-row-container gutters-row-lg-2 gutters-row-md-2 gutters-row-0 gutters-row-v-lg-2 gutters-row-v-md-2 gutters-row-v-2 style-1015 style-local-230-c16 position-relative\">\n        <!---->\n        <div class=\"h-row justify-content-lg-center justify-content-md-center justify-content-center align-items-lg-stretch align-items-md-stretch align-items-stretch gutters-col-lg-2 gutters-col-md-2 gutters-col-0 gutters-col-v-lg-2 gutters-col-v-md-2 gutters-col-v-2\">\n          <!---->\n          <div class=\"h-column h-column-container d-flex h-col-lg-auto h-col-md-auto h-col-auto style-1016-outer style-local-230-c17-outer\">\n            <div data-colibri-id=\"230-c17\" class=\"d-flex h-flex-basis h-column__inner h-px-lg-2 h-px-md-2 h-px-2 v-inner-lg-2 v-inner-md-2 v-inner-2 style-1016 style-local-230-c17 position-relative\">\n              <!---->\n              <!---->\n              <div class=\"w-100 h-y-container h-column__content h-column__v-align flex-basis-100 align-self-lg-start align-self-md-start align-self-start\">\n                <!---->\n                <div data-colibri-id=\"230-c18\" class=\"h-global-transition-all h-heading style-1017 style-local-230-c18 position-relative h-element\">\n                  <!---->\n                  <div class=\"h-heading__outer style-1017 style-local-230-c18\">\n                    <!---->\n                    <!---->\n                    <h3 class=\"\">Contact us and request a quotation<\/h3>\n                  <\/div>\n                <\/div>\n                <div data-colibri-id=\"230-c19\" class=\"h-lead h-text h-text-component style-1018 style-local-230-c19 position-relative h-element\">\n                  <!---->\n                  <!---->\n                  <div class=\"\">\n                    <p>Mustola Timber&nbsp; &#8211;&nbsp; High precision. High quality.<\/p>\n                  <\/div>\n                <\/div>\n                <div data-colibri-id=\"230-c20\" class=\"h-x-container style-1019 style-local-230-c20 position-relative h-element\">\n                  <!---->\n                  <div class=\"h-x-container-inner style-dynamic-230-c20-group style-1019-spacing style-local-230-c20-spacing\"><span class=\"h-button__outer style-1020-outer style-local-230-c21-outer d-inline-flex h-element\"><a h-use-smooth-scroll=\"true\" href=\"\/en\/yhteydenottolomake\/\"  data-colibri-id=\"230-c21\" class=\"d-flex w-100 align-items-center h-button justify-content-lg-center justify-content-md-center justify-content-center style-1020 style-local-230-c21 position-relative\"><!----><!----> <span>Contact form<\/span><\/a>\n                    <\/span>\n                  <\/div>\n                <\/div>\n              <\/div>\n            <\/div>\n          <\/div>\n        <\/div>\n      <\/div>\n    <\/div>\n  <\/div>\n<\/div>","protected":false},"excerpt":{"rendered":"<p>Mustola timber Vuodesta 1999, jatkuvasti kehittyen Mustola Timber Oy:n perustivat vuonna 1999 Martti ja Marja Taimela Mustolan satama-alueelle. Vuonna 2015 yrityksen osti sahalla ty\u00f6skennellyt Raine Koskinen, jonka j\u00e4lkeen yhti\u00f6\u00f6n tuli mukaan Conrastock Oy sek\u00e4 Szepaniak Oy. Koskinen on t\u00e4n\u00e4 p\u00e4iv\u00e4n\u00e4 yrityksen toimitusjohtaja sek\u00e4 hallituksen puheenjohtaja. Koskinen laati ostoa suunnitellessaan investointisuunnitelman, jolla yrityksen investointivelkaa oli tarkoitus [&hellip;]<\/p>\n","protected":false},"author":1,"featured_media":0,"parent":0,"menu_order":0,"comment_status":"closed","ping_status":"closed","template":"page-templates\/full-width-page.php","meta":{"footnotes":""},"class_list":["post-230","page","type-page","status-publish","hentry"],"yoast_head":"<!-- This site is optimized with the Yoast SEO plugin v27.3 - https:\/\/yoast.com\/product\/yoast-seo-wordpress\/ -->\n<title>Yrityksen historia - Mustola Timber<\/title>\n<meta name=\"description\" content=\"Vuodesta 1999, jatkuvasti kehittyen. Sahalaitoksellamme perinteet yhdistyv\u00e4t nykyaikaiseen teknologiaan. Tutustu historiaamme!\" \/>\n<meta name=\"robots\" content=\"index, follow, max-snippet:-1, max-image-preview:large, max-video-preview:-1\" \/>\n<link rel=\"canonical\" href=\"https:\/\/mustolatimber.fi\/en\/yrityksen-historia\/\" \/>\n<meta property=\"og:locale\" content=\"en_GB\" \/>\n<meta property=\"og:type\" content=\"article\" \/>\n<meta property=\"og:title\" content=\"Yrityksen historia - Mustola Timber\" \/>\n<meta property=\"og:description\" content=\"Vuodesta 1999, jatkuvasti kehittyen. Sahalaitoksellamme perinteet yhdistyv\u00e4t nykyaikaiseen teknologiaan. Tutustu historiaamme!\" \/>\n<meta property=\"og:url\" content=\"https:\/\/mustolatimber.fi\/en\/yrityksen-historia\/\" \/>\n<meta property=\"og:site_name\" content=\"Mustola Timber\" \/>\n<meta property=\"article:modified_time\" content=\"2024-08-26T07:21:09+00:00\" \/>\n<meta name=\"twitter:card\" content=\"summary_large_image\" \/>\n<meta name=\"twitter:label1\" content=\"Estimated reading time\" \/>\n\t<meta name=\"twitter:data1\" content=\"2 minutes\" \/>\n<script type=\"application\/ld+json\" class=\"yoast-schema-graph\">{\"@context\":\"https:\\\/\\\/schema.org\",\"@graph\":[{\"@type\":\"WebPage\",\"@id\":\"https:\\\/\\\/mustolatimber.fi\\\/yrityksen-historia\\\/\",\"url\":\"https:\\\/\\\/mustolatimber.fi\\\/yrityksen-historia\\\/\",\"name\":\"Yrityksen historia - Mustola Timber\",\"isPartOf\":{\"@id\":\"https:\\\/\\\/mustolatimber.fi\\\/#website\"},\"datePublished\":\"2024-03-06T12:19:03+00:00\",\"dateModified\":\"2024-08-26T07:21:09+00:00\",\"description\":\"Vuodesta 1999, jatkuvasti kehittyen. Sahalaitoksellamme perinteet yhdistyv\u00e4t nykyaikaiseen teknologiaan. Tutustu historiaamme!\",\"breadcrumb\":{\"@id\":\"https:\\\/\\\/mustolatimber.fi\\\/yrityksen-historia\\\/#breadcrumb\"},\"inLanguage\":\"en-GB\",\"potentialAction\":[{\"@type\":\"ReadAction\",\"target\":[\"https:\\\/\\\/mustolatimber.fi\\\/yrityksen-historia\\\/\"]}]},{\"@type\":\"BreadcrumbList\",\"@id\":\"https:\\\/\\\/mustolatimber.fi\\\/yrityksen-historia\\\/#breadcrumb\",\"itemListElement\":[{\"@type\":\"ListItem\",\"position\":1,\"name\":\"Etusivu\",\"item\":\"https:\\\/\\\/mustolatimber.fi\\\/\"},{\"@type\":\"ListItem\",\"position\":2,\"name\":\"Yrityksen historia\"}]},{\"@type\":\"WebSite\",\"@id\":\"https:\\\/\\\/mustolatimber.fi\\\/#website\",\"url\":\"https:\\\/\\\/mustolatimber.fi\\\/\",\"name\":\"Mustola Timber\",\"description\":\"Mustola Timber Oy on nykyaikainen sahalaitos Lappeenrannassa Saimaan kanavan varrella. Olemme toimineet vuodesta 1999. Yrityksemme p\u00e4\u00e4tuote on m\u00e4\u00e4r\u00e4mittainen kuusisahatavara, joka on sahattu erikoisdimensioihin asiakkaiden toiveiden mukaisesti.\",\"publisher\":{\"@id\":\"https:\\\/\\\/mustolatimber.fi\\\/#organization\"},\"potentialAction\":[{\"@type\":\"SearchAction\",\"target\":{\"@type\":\"EntryPoint\",\"urlTemplate\":\"https:\\\/\\\/mustolatimber.fi\\\/?s={search_term_string}\"},\"query-input\":{\"@type\":\"PropertyValueSpecification\",\"valueRequired\":true,\"valueName\":\"search_term_string\"}}],\"inLanguage\":\"en-GB\"},{\"@type\":\"Organization\",\"@id\":\"https:\\\/\\\/mustolatimber.fi\\\/#organization\",\"name\":\"Mustola Timber\",\"url\":\"https:\\\/\\\/mustolatimber.fi\\\/\",\"logo\":{\"@type\":\"ImageObject\",\"inLanguage\":\"en-GB\",\"@id\":\"https:\\\/\\\/mustolatimber.fi\\\/#\\\/schema\\\/logo\\\/image\\\/\",\"url\":\"https:\\\/\\\/mustolatimber.fi\\\/wp-content\\\/uploads\\\/2024\\\/06\\\/MT-logo-valkoinen0.png\",\"contentUrl\":\"https:\\\/\\\/mustolatimber.fi\\\/wp-content\\\/uploads\\\/2024\\\/06\\\/MT-logo-valkoinen0.png\",\"width\":1182,\"height\":709,\"caption\":\"Mustola Timber\"},\"image\":{\"@id\":\"https:\\\/\\\/mustolatimber.fi\\\/#\\\/schema\\\/logo\\\/image\\\/\"}}]}<\/script>\n<!-- \/ Yoast SEO plugin. -->","yoast_head_json":{"title":"Yrityksen historia - Mustola Timber","description":"Vuodesta 1999, jatkuvasti kehittyen. Sahalaitoksellamme perinteet yhdistyv\u00e4t nykyaikaiseen teknologiaan. Tutustu historiaamme!","robots":{"index":"index","follow":"follow","max-snippet":"max-snippet:-1","max-image-preview":"max-image-preview:large","max-video-preview":"max-video-preview:-1"},"canonical":"https:\/\/mustolatimber.fi\/en\/yrityksen-historia\/","og_locale":"en_GB","og_type":"article","og_title":"Yrityksen historia - Mustola Timber","og_description":"Vuodesta 1999, jatkuvasti kehittyen. Sahalaitoksellamme perinteet yhdistyv\u00e4t nykyaikaiseen teknologiaan. Tutustu historiaamme!","og_url":"https:\/\/mustolatimber.fi\/en\/yrityksen-historia\/","og_site_name":"Mustola Timber","article_modified_time":"2024-08-26T07:21:09+00:00","twitter_card":"summary_large_image","twitter_misc":{"Estimated reading time":"2 minutes"},"schema":{"@context":"https:\/\/schema.org","@graph":[{"@type":"WebPage","@id":"https:\/\/mustolatimber.fi\/yrityksen-historia\/","url":"https:\/\/mustolatimber.fi\/yrityksen-historia\/","name":"Yrityksen historia - Mustola Timber","isPartOf":{"@id":"https:\/\/mustolatimber.fi\/#website"},"datePublished":"2024-03-06T12:19:03+00:00","dateModified":"2024-08-26T07:21:09+00:00","description":"Vuodesta 1999, jatkuvasti kehittyen. Sahalaitoksellamme perinteet yhdistyv\u00e4t nykyaikaiseen teknologiaan. Tutustu historiaamme!","breadcrumb":{"@id":"https:\/\/mustolatimber.fi\/yrityksen-historia\/#breadcrumb"},"inLanguage":"en-GB","potentialAction":[{"@type":"ReadAction","target":["https:\/\/mustolatimber.fi\/yrityksen-historia\/"]}]},{"@type":"BreadcrumbList","@id":"https:\/\/mustolatimber.fi\/yrityksen-historia\/#breadcrumb","itemListElement":[{"@type":"ListItem","position":1,"name":"Etusivu","item":"https:\/\/mustolatimber.fi\/"},{"@type":"ListItem","position":2,"name":"Yrityksen historia"}]},{"@type":"WebSite","@id":"https:\/\/mustolatimber.fi\/#website","url":"https:\/\/mustolatimber.fi\/","name":"Mustola Timber","description":"Mustola Timber Oy on nykyaikainen sahalaitos Lappeenrannassa Saimaan kanavan varrella. Olemme toimineet vuodesta 1999. Yrityksemme p\u00e4\u00e4tuote on m\u00e4\u00e4r\u00e4mittainen kuusisahatavara, joka on sahattu erikoisdimensioihin asiakkaiden toiveiden mukaisesti.","publisher":{"@id":"https:\/\/mustolatimber.fi\/#organization"},"potentialAction":[{"@type":"SearchAction","target":{"@type":"EntryPoint","urlTemplate":"https:\/\/mustolatimber.fi\/?s={search_term_string}"},"query-input":{"@type":"PropertyValueSpecification","valueRequired":true,"valueName":"search_term_string"}}],"inLanguage":"en-GB"},{"@type":"Organization","@id":"https:\/\/mustolatimber.fi\/#organization","name":"Mustola Timber","url":"https:\/\/mustolatimber.fi\/","logo":{"@type":"ImageObject","inLanguage":"en-GB","@id":"https:\/\/mustolatimber.fi\/#\/schema\/logo\/image\/","url":"https:\/\/mustolatimber.fi\/wp-content\/uploads\/2024\/06\/MT-logo-valkoinen0.png","contentUrl":"https:\/\/mustolatimber.fi\/wp-content\/uploads\/2024\/06\/MT-logo-valkoinen0.png","width":1182,"height":709,"caption":"Mustola Timber"},"image":{"@id":"https:\/\/mustolatimber.fi\/#\/schema\/logo\/image\/"}}]}},"_links":{"self":[{"href":"https:\/\/mustolatimber.fi\/en\/wp-json\/wp\/v2\/pages\/230","targetHints":{"allow":["GET"]}}],"collection":[{"href":"https:\/\/mustolatimber.fi\/en\/wp-json\/wp\/v2\/pages"}],"about":[{"href":"https:\/\/mustolatimber.fi\/en\/wp-json\/wp\/v2\/types\/page"}],"author":[{"embeddable":true,"href":"https:\/\/mustolatimber.fi\/en\/wp-json\/wp\/v2\/users\/1"}],"replies":[{"embeddable":true,"href":"https:\/\/mustolatimber.fi\/en\/wp-json\/wp\/v2\/comments?post=230"}],"version-history":[{"count":13,"href":"https:\/\/mustolatimber.fi\/en\/wp-json\/wp\/v2\/pages\/230\/revisions"}],"predecessor-version":[{"id":1843,"href":"https:\/\/mustolatimber.fi\/en\/wp-json\/wp\/v2\/pages\/230\/revisions\/1843"}],"wp:attachment":[{"href":"https:\/\/mustolatimber.fi\/en\/wp-json\/wp\/v2\/media?parent=230"}],"curies":[{"name":"wp","href":"https:\/\/api.w.org\/{rel}","templated":true}]}}