{"id":1379,"date":"2024-06-25T12:02:37","date_gmt":"2024-06-25T12:02:37","guid":{"rendered":"https:\/\/mustolantimber.vmh-productions.fi\/?page_id=1379"},"modified":"2024-07-29T11:24:30","modified_gmt":"2024-07-29T11:24:30","slug":"rekisteri-ja-tietosuojaseloste","status":"publish","type":"page","link":"https:\/\/mustolatimber.fi\/en\/rekisteri-ja-tietosuojaseloste\/","title":{"rendered":"REKISTERI- JA TIETOSUOJASELOSTE"},"content":{"rendered":"<div data-colibri-id=\"1379-c1\" class=\"style-1021 style-local-1379-c1 position-relative\">\r\n  <!---->\r\n  <div data-colibri-component=\"section\" data-colibri-id=\"1379-c2\" id=\"custom\" class=\"h-section h-section-global-spacing d-flex align-items-lg-center align-items-md-center align-items-center style-1022 style-local-1379-c2 position-relative\">\r\n    <!---->\r\n    <!---->\r\n    <div class=\"h-section-grid-container h-section-boxed-container\">\r\n      <!---->\r\n      <div data-colibri-id=\"1379-c3\" class=\"h-row-container gutters-row-lg-2 gutters-row-md-2 gutters-row-0 gutters-row-v-lg-2 gutters-row-v-md-2 gutters-row-v-2 style-1023 style-local-1379-c3 position-relative\">\r\n        <!---->\r\n        <div class=\"h-row justify-content-lg-center justify-content-md-center justify-content-center align-items-lg-stretch align-items-md-stretch align-items-stretch gutters-col-lg-2 gutters-col-md-2 gutters-col-0 gutters-col-v-lg-2 gutters-col-v-md-2 gutters-col-v-2\">\r\n          <!---->\r\n          <div class=\"h-column h-column-container d-flex h-col-lg-auto h-col-md-auto h-col-auto style-1024-outer style-local-1379-c4-outer\">\r\n            <div data-colibri-id=\"1379-c4\" class=\"d-flex h-flex-basis h-column__inner h-px-lg-2 h-px-md-2 h-px-2 v-inner-lg-2 v-inner-md-2 v-inner-2 style-1024 style-local-1379-c4 position-relative\">\r\n              <!---->\r\n              <!---->\r\n              <div class=\"w-100 h-y-container h-column__content h-column__v-align flex-basis-100 align-self-lg-start align-self-md-start align-self-start\">\r\n                <!---->\r\n                <div data-colibri-id=\"1379-c5\" class=\"h-text h-text-component style-1025 style-local-1379-c5 position-relative h-element\">\r\n                  <!---->\r\n                  <!---->\r\n                  <div class=\"\">\r\n                    <p><span style=\"color: rgb(0, 0, 0);\">T\u00e4m\u00e4 on Mustola Timber Oy:n EU:n yleisen tietosuoja-asetuksen (GDPR) mukainen rekisteri- ja tietosuojaseloste. Laadittu 25.6.2024<\/span><\/p>\r\n                    <p><strong style=\"color: rgb(0, 0, 0);\">1. Rekisterinpit\u00e4j\u00e4<\/strong><\/p>\r\n                    <p><strong style=\"color: rgb(0, 0, 0);\">Mustola Timber Oy \/ Y-tunnus 1506031-3<\/strong><span style=\"color: rgb(0, 0, 0);\"><br><\/span>MUSTOLA TIMBER OY\r\n                      <br>Terminaalinkatu 20\r\n                      <br>53420 Lappeenranta<\/p>\r\n                    <p><strong style=\"color: rgb(0, 0, 0);\">2. Rekisterist\u00e4 vastaava yhteyshenkil\u00f6<\/strong><\/p>\r\n                    <p><span style=\"color: rgb(0, 0, 0);\">Chief Executive Officer<br>Raine Koskinen<\/span>\r\n                      <br>raine.koskinen@mustolatimber.fi\r\n                      <br>0500 192 910<\/p>\r\n                    <p><strong style=\"color: rgb(0, 0, 0);\">3. Rekisterin nimi<\/strong><\/p>\r\n                    <p><span style=\"color: rgb(0, 0, 0);\">Mustola Timberin verkkosivujen k\u00e4ytt\u00e4j\u00e4tietorekisteri.<\/span><\/p>\r\n                    <p><strong style=\"color: rgb(0, 0, 0);\">4. Henkil\u00f6tietojen k\u00e4sittelyn tarkoitus<\/strong><\/p>\r\n                    <p><span style=\"color: rgb(0, 0, 0);\">EU:n yleisen tietosuoja-asetuksen mukainen oikeusperuste henkil\u00f6tietojen k\u00e4sittelylle on henkil\u00f6n suostumus ja rekisterinpit\u00e4j\u00e4n oikeutettu etu. Rekister\u00f6idylt\u00e4 kysyt\u00e4\u00e4n suostumus tietojen k\u00e4sittelyyn.<\/span><\/p>\r\n                    <p><span style=\"color: rgb(0, 0, 0);\">Henkil\u00f6tietojen k\u00e4sittelyn tarkoitus on yhteydenpito asiakkaisiin, asiakassuhteiden yll\u00e4pito ja markkinointi.<\/span><\/p>\r\n                    <p><span style=\"color: rgb(0, 0, 0);\">Tietoja ei k\u00e4ytet\u00e4 automatisoituun p\u00e4\u00e4t\u00f6ksentekoon tai profilointiin.<\/span><\/p>\r\n                    <p><strong style=\"color: rgb(0, 0, 0);\">5. Rekisterin tietosis\u00e4lt\u00f6<\/strong><\/p>\r\n                    <p><span style=\"color: rgb(0, 0, 0);\">Rekisteriin tallennettavia tietoja ovat: Yhteystiedot, nimi, yritys, www-sivustojen osoitteet, verkkoyhteyden Ip-osoite, tiedot tilatuista palveluista ja muut asiakassuhteeseen vaikuttavat tiedot.<\/span><\/p>\r\n                    <p><span style=\"color: rgb(0, 0, 0);\">Verkkosivuston vierailijoiden IP-osoitteita ja palvelun toiminnoille v\u00e4ltt\u00e4m\u00e4tt\u00f6mi\u00e4 ev\u00e4steit\u00e4 k\u00e4sitell\u00e4\u00e4n oikeutetun edun perusteella mm. tietoturvasta huolehtimiseksi ja sivuston vierailijoiden tilastotietojen keruuta varten niiss\u00e4 tapauksissa, kun niiden voidaan katsoa olevan henkil\u00f6tietoja. Kolmansien osapuolten ev\u00e4steille pyydet\u00e4\u00e4n tarvittaessa suostumus erikseen.<\/span><\/p>\r\n                    <p><strong style=\"color: rgb(0, 0, 0);\">6. S\u00e4\u00e4nn\u00f6nmukaiset tietol\u00e4hteet<\/strong><\/p>\r\n                    <p><span style=\"color: rgb(0, 0, 0);\">Rekisteriin tallennettavat tiedot saadaan asiakkaalta mm. www-lomakkeilla l\u00e4hetetyist\u00e4 viesteist\u00e4, s\u00e4hk\u00f6postitse, puhelimitse, sosiaalisen median palvelujen kautta, sopimuksista, asiakastapaamisista ja muista tilanteista, joissa asiakas luovuttaa tietojaan.<\/span><\/p>\r\n                    <p><span style=\"color: rgb(0, 0, 0);\">Yritysten ja muiden organisaatioiden yhteyshenkil\u00f6iden tietoja voidaan ker\u00e4t\u00e4 my\u00f6s julkisista l\u00e4hteist\u00e4 kuten verkkosivuilta, hakemistopalveluista ja muilta yrityksilt\u00e4.<\/span><\/p>\r\n                    <p><strong style=\"color: rgb(0, 0, 0);\">7. Tietojen s\u00e4\u00e4nn\u00f6nmukaiset luovutukset ja tietojen siirto EU:n tai ETA:n ulkopuolelle<\/strong><\/p>\r\n                    <p><span style=\"color: rgb(0, 0, 0);\">Tietoja ei luovuteta s\u00e4\u00e4nn\u00f6nmukaisesti muille tahoille. Tietoja voidaan julkaista silt\u00e4 osin kuin niin on sovittu asiakkaan kanssa.<\/span><\/p>\r\n                    <p><span style=\"color: rgb(0, 0, 0);\">Tietoja voidaan siirt\u00e4\u00e4 rekisterinpit\u00e4j\u00e4n toimesta my\u00f6s EU:n tai ETA:n ulkopuolelle. Tietoja ei siirret\u00e4 Yhdysvaltoihin ilman rekister\u00f6ityjen nimenomaista suostumusta.<\/span><\/p>\r\n                    <p><strong style=\"color: rgb(0, 0, 0);\">8. Rekisterin suojauksen periaatteet<\/strong><\/p>\r\n                    <p><span style=\"color: rgb(0, 0, 0);\">Rekisterin k\u00e4sittelyss\u00e4 noudatetaan huolellisuutta ja tietoj\u00e4rjestelmien avulla k\u00e4sitelt\u00e4v\u00e4t tiedot suojataan asianmukaisesti. Kun rekisteritietoja s\u00e4ilytet\u00e4\u00e4n internet-palvelimilla, niiden laitteiston fyysisest\u00e4 ja digitaalisesta tietoturvasta huolehditaan asiaankuuluvasti. Rekisterinpit\u00e4j\u00e4 huolehtii siit\u00e4, ett\u00e4 tallennettuja tietoja sek\u00e4 palvelimien k\u00e4ytt\u00f6oikeuksia ja muita henkil\u00f6tietojen turvallisuuden kannalta kriittisi\u00e4 tietoja k\u00e4sitell\u00e4\u00e4n luottamuksellisesti ja vain niiden ty\u00f6ntekij\u00f6iden toimesta, joiden ty\u00f6nkuvaan se kuuluu.<\/span><\/p>\r\n                    <p><strong style=\"color: rgb(0, 0, 0);\">9. Tarkastusoikeus ja oikeus vaatia tiedon korjaamista<\/strong><\/p>\r\n                    <p><span style=\"color: rgb(0, 0, 0);\">Jokaisella rekisteriss\u00e4 olevalla henkil\u00f6ll\u00e4 on oikeus tarkistaa rekisteriin tallennetut tietonsa ja vaatia mahdollisen virheellisen tiedon korjaamista tai puutteellisen tiedon t\u00e4ydent\u00e4mist\u00e4. Mik\u00e4li henkil\u00f6 haluaa tarkistaa h\u00e4nest\u00e4 tallennetut tiedot tai vaatia niihin oikaisua, pyynt\u00f6 tulee l\u00e4hett\u00e4\u00e4 kirjallisesti rekisterinpit\u00e4j\u00e4lle. Rekisterinpit\u00e4j\u00e4 voi pyyt\u00e4\u00e4 tarvittaessa pyynn\u00f6n esitt\u00e4j\u00e4\u00e4 todistamaan henkil\u00f6llisyytens\u00e4. Rekisterinpit\u00e4j\u00e4 vastaa asiakkaalle EU:n tietosuoja-asetuksessa s\u00e4\u00e4detyss\u00e4 ajassa (p\u00e4\u00e4s\u00e4\u00e4nt\u00f6isesti kuukauden kuluessa).<\/span><\/p>\r\n                    <p><strong style=\"color: rgb(0, 0, 0);\">10. Muut henkil\u00f6tietojen k\u00e4sittelyyn liittyv\u00e4t oikeudet<\/strong><\/p>\r\n                    <p><span style=\"color: rgb(0, 0, 0);\">Rekisteriss\u00e4 olevalla henkil\u00f6ll\u00e4 on oikeus pyyt\u00e4\u00e4 h\u00e4nt\u00e4 koskevien henkil\u00f6tietojen poistamiseen rekisterist\u00e4 (\u201doikeus tulla unohdetuksi\u201d). Niin ik\u00e4\u00e4n rekister\u00f6idyill\u00e4 on muut&nbsp;<\/span>&nbsp;\r\n                      <a href=\"http:\/\/eur-lex.europa.eu\/legal-content\/FI\/TXT?uri=CELEX%3A32016R0679#d1e2144-1-1\" target=\"_blank\" rel=\"noreferrer noopener\" style=\"color: rgb(0, 0, 0); font-size: 1em; font-weight: 400; font-family: &quot;Open Sans&quot;;\" class=\"customize-unpreviewable\"><strong>EU:n yleisen tietosuoja-asetuksen mukaiset oikeudet<\/strong><\/a><span style=\"color: rgb(0, 0, 0);\">&nbsp;kuten henkil\u00f6tietojen k\u00e4sittelyn rajoittaminen tietyiss\u00e4 tilanteissa. Pyynn\u00f6t tulee l\u00e4hett\u00e4\u00e4 kirjallisesti rekisterinpit\u00e4j\u00e4lle. Rekisterinpit\u00e4j\u00e4 voi pyyt\u00e4\u00e4 tarvittaessa pyynn\u00f6n esitt\u00e4j\u00e4\u00e4 todistamaan henkil\u00f6llisyytens\u00e4. Rekisterinpit\u00e4j\u00e4 vastaa asiakkaalle EU:n tietosuoja-asetuksessa s\u00e4\u00e4detyss\u00e4 ajassa (p\u00e4\u00e4s\u00e4\u00e4nt\u00f6isesti kuukauden kuluessa).<\/span><\/p>\r\n                    <p><strong style=\"color: rgb(0, 0, 0);\">11. Ev\u00e4stek\u00e4yt\u00e4nt\u00f6 ja ev\u00e4steet verkkosivuillamme<\/strong><\/p>\r\n                    <p><span style=\"color: rgb(0, 0, 0);\">Ev\u00e4ste on pieni tekstitiedosto, joka tallennetaan k\u00e4ytt\u00e4j\u00e4n tietokoneelle silloin kun joku vierailee sivustolla. Ev\u00e4steet eiv\u00e4t sis\u00e4ll\u00e4 mink\u00e4\u00e4nlaisia henkil\u00f6tietoja eik\u00e4 niiden avulla voida esimerkiksi suorittaa ohjelmia.<\/span><\/p>\r\n                    <p><span style=\"color: rgb(0, 0, 0);\">K\u00e4yt\u00e4mme ev\u00e4steit\u00e4 moniin k\u00e4ytt\u00f6tarkoituksiin, jotka liittyv\u00e4t sivuston toimivuuteen, analysointiin ja markkinointiin.<\/span><\/p>\r\n                    <p><span style=\"color: rgb(0, 0, 0);\">Verkkosivumme on luotu WordPress-sis\u00e4ll\u00f6nhallintaj\u00e4rjestelm\u00e4ll\u00e4, joka ei ker\u00e4\u00e4 ev\u00e4steit\u00e4 vierailta. Ainoastaan sis\u00e4\u00e4n kirjautuneilta k\u00e4ytt\u00e4jilt\u00e4 ker\u00e4t\u00e4\u00e4n informaatiota helpottamaan sis\u00e4ll\u00f6n muokkaamista, esimerkiksi sis\u00e4\u00e4n kirjautuneen k\u00e4ytt\u00e4j\u00e4n aikavy\u00f6hyke tallennetaan.<\/span><\/p>\r\n                    <p><span style=\"color: rgb(0, 0, 0);\">Sivuston seurantaan k\u00e4yt\u00e4mme Google Analytics -palvelua. Seurannan tarkoituksena on ker\u00e4t\u00e4 tilastotietoa esimerkiksi sivun k\u00e4vij\u00e4m\u00e4\u00e4r\u00e4st\u00e4 sek\u00e4 suosituimmista sis\u00e4ll\u00f6ist\u00e4.<\/span><\/p>\r\n                    <p><span style=\"color: rgb(0, 0, 0);\">Lis\u00e4tietoja Googlen ev\u00e4steist\u00e4 voit lukea&nbsp;<\/span>&nbsp;\r\n                      <a href=\"https:\/\/www.google.com\/policies\/technologies\/cookies\" target=\"_blank\" rel=\"noreferrer noopener\" style=\"color: rgb(0, 0, 0); font-size: 1em; font-weight: 400; font-family: &quot;Open Sans&quot;;\" class=\"customize-unpreviewable\">t\u00e4st\u00e4 linkist\u00e4<\/a><span style=\"color: rgb(0, 0, 0);\">. Ev\u00e4stetiedot auttavat meit\u00e4 parantamaan sivustomme toimivuutta ja k\u00e4ytett\u00e4vyytt\u00e4.<\/span><\/p>\r\n                    <p><strong style=\"color: rgb(0, 0, 0);\">Ev\u00e4steiden kielt\u00e4minen selaimessa<\/strong><\/p>\r\n                    <p><span style=\"color: rgb(0, 0, 0);\">Emme suosittele t\u00e4t\u00e4, mutta mik\u00e4li haluat est\u00e4\u00e4 ev\u00e4steet, muuta selaimesi ev\u00e4steasetuksia. Ev\u00e4steiden kielt\u00e4minen saattaa heikent\u00e4\u00e4 k\u00e4ytt\u00f6kokemusta, eik\u00e4 kaikki verkkosivuston toiminnot v\u00e4ltt\u00e4m\u00e4tt\u00e4 en\u00e4\u00e4 toimi lainkaan.<\/span><\/p>\r\n                    <p><span style=\"color: rgb(0, 0, 0);\">Lis\u00e4tietoja ev\u00e4steiden hallinnasta selaimessasi l\u00f6ytyy&nbsp;<\/span>&nbsp;\r\n                      <a href=\"https:\/\/www.cookiesandyou.com\/disable-cookies\" target=\"_blank\" rel=\"noreferrer noopener\" style=\"color: rgb(0, 0, 0); font-size: 1em; font-weight: 400; font-family: &quot;Open Sans&quot;;\" class=\"customize-unpreviewable\"><strong>t\u00e4m\u00e4n linkin takaa<\/strong><\/a><span style=\"color: rgb(0, 0, 0);\">. Jos est\u00e4t ev\u00e4steiden k\u00e4yt\u00f6n selainohjelmassasi, laitettasi ei seurata, kun vierailet sivustossa. Huomaa kuitenkin, ett\u00e4 est\u00e4m\u00e4ll\u00e4 ev\u00e4steiden k\u00e4yt\u00f6n saatat est\u00e4\u00e4 my\u00f6s joidenkin sivuston toimintojen k\u00e4ytt\u00e4misen.<\/span><\/p>\r\n                    <p>\r\n                      <br>\r\n                    <\/p>\r\n                  <\/div>\r\n                <\/div>\r\n              <\/div>\r\n            <\/div>\r\n          <\/div>\r\n        <\/div>\r\n      <\/div>\r\n    <\/div>\r\n  <\/div>\r\n<\/div>","protected":false},"excerpt":{"rendered":"<p>T\u00e4m\u00e4 on Mustola Timber Oy:n EU:n yleisen tietosuoja-asetuksen (GDPR) mukainen rekisteri- ja tietosuojaseloste. Laadittu 25.6.2024 1. Rekisterinpit\u00e4j\u00e4 Mustola Timber Oy \/ Y-tunnus 1506031-3MUSTOLA TIMBER OY Terminaalinkatu 20 53420 Lappeenranta 2. Rekisterist\u00e4 vastaava yhteyshenkil\u00f6 ToimitusjohtajaRaine Koskinen raine.koskinen@mustolatimber.fi 0500 192 910 3. Rekisterin nimi Mustola Timberin verkkosivujen k\u00e4ytt\u00e4j\u00e4tietorekisteri. 4. Henkil\u00f6tietojen k\u00e4sittelyn tarkoitus EU:n yleisen tietosuoja-asetuksen mukainen oikeusperuste [&hellip;]<\/p>\n","protected":false},"author":1,"featured_media":0,"parent":0,"menu_order":0,"comment_status":"closed","ping_status":"closed","template":"page-templates\/full-width-page.php","meta":{"footnotes":""},"class_list":["post-1379","page","type-page","status-publish","hentry"],"yoast_head":"<!-- This site is optimized with the Yoast SEO plugin v27.3 - https:\/\/yoast.com\/product\/yoast-seo-wordpress\/ -->\n<title>REKISTERI- JA TIETOSUOJASELOSTE - Mustola Timber<\/title>\n<meta name=\"description\" content=\"T\u00e4m\u00e4 on Mustola Timber Oy:n EU:n yleisen tietosuoja-asetuksen (GDPR) mukainen rekisteri- ja tietosuojaseloste.\" \/>\n<meta name=\"robots\" content=\"index, follow, max-snippet:-1, max-image-preview:large, max-video-preview:-1\" \/>\n<link rel=\"canonical\" href=\"https:\/\/mustolatimber.fi\/en\/rekisteri-ja-tietosuojaseloste\/\" \/>\n<meta property=\"og:locale\" content=\"en_GB\" \/>\n<meta property=\"og:type\" content=\"article\" \/>\n<meta property=\"og:title\" content=\"REKISTERI- JA TIETOSUOJASELOSTE - Mustola Timber\" \/>\n<meta property=\"og:description\" content=\"T\u00e4m\u00e4 on Mustola Timber Oy:n EU:n yleisen tietosuoja-asetuksen (GDPR) mukainen rekisteri- ja tietosuojaseloste.\" \/>\n<meta property=\"og:url\" content=\"https:\/\/mustolatimber.fi\/en\/rekisteri-ja-tietosuojaseloste\/\" \/>\n<meta property=\"og:site_name\" content=\"Mustola Timber\" \/>\n<meta property=\"article:modified_time\" content=\"2024-07-29T11:24:30+00:00\" \/>\n<meta name=\"twitter:card\" content=\"summary_large_image\" \/>\n<meta name=\"twitter:label1\" content=\"Estimated reading time\" \/>\n\t<meta name=\"twitter:data1\" content=\"4 minutes\" \/>\n<script type=\"application\/ld+json\" class=\"yoast-schema-graph\">{\"@context\":\"https:\\\/\\\/schema.org\",\"@graph\":[{\"@type\":\"WebPage\",\"@id\":\"https:\\\/\\\/mustolatimber.fi\\\/rekisteri-ja-tietosuojaseloste\\\/\",\"url\":\"https:\\\/\\\/mustolatimber.fi\\\/rekisteri-ja-tietosuojaseloste\\\/\",\"name\":\"REKISTERI- JA TIETOSUOJASELOSTE - Mustola Timber\",\"isPartOf\":{\"@id\":\"https:\\\/\\\/mustolatimber.fi\\\/#website\"},\"datePublished\":\"2024-06-25T12:02:37+00:00\",\"dateModified\":\"2024-07-29T11:24:30+00:00\",\"description\":\"T\u00e4m\u00e4 on Mustola Timber Oy:n EU:n yleisen tietosuoja-asetuksen (GDPR) mukainen rekisteri- ja tietosuojaseloste.\",\"breadcrumb\":{\"@id\":\"https:\\\/\\\/mustolatimber.fi\\\/rekisteri-ja-tietosuojaseloste\\\/#breadcrumb\"},\"inLanguage\":\"en-GB\",\"potentialAction\":[{\"@type\":\"ReadAction\",\"target\":[\"https:\\\/\\\/mustolatimber.fi\\\/rekisteri-ja-tietosuojaseloste\\\/\"]}]},{\"@type\":\"BreadcrumbList\",\"@id\":\"https:\\\/\\\/mustolatimber.fi\\\/rekisteri-ja-tietosuojaseloste\\\/#breadcrumb\",\"itemListElement\":[{\"@type\":\"ListItem\",\"position\":1,\"name\":\"Etusivu\",\"item\":\"https:\\\/\\\/mustolatimber.fi\\\/\"},{\"@type\":\"ListItem\",\"position\":2,\"name\":\"REKISTERI- JA TIETOSUOJASELOSTE\"}]},{\"@type\":\"WebSite\",\"@id\":\"https:\\\/\\\/mustolatimber.fi\\\/#website\",\"url\":\"https:\\\/\\\/mustolatimber.fi\\\/\",\"name\":\"Mustola Timber\",\"description\":\"Mustola Timber Oy on nykyaikainen sahalaitos Lappeenrannassa Saimaan kanavan varrella. Olemme toimineet vuodesta 1999. Yrityksemme p\u00e4\u00e4tuote on m\u00e4\u00e4r\u00e4mittainen kuusisahatavara, joka on sahattu erikoisdimensioihin asiakkaiden toiveiden mukaisesti.\",\"publisher\":{\"@id\":\"https:\\\/\\\/mustolatimber.fi\\\/#organization\"},\"potentialAction\":[{\"@type\":\"SearchAction\",\"target\":{\"@type\":\"EntryPoint\",\"urlTemplate\":\"https:\\\/\\\/mustolatimber.fi\\\/?s={search_term_string}\"},\"query-input\":{\"@type\":\"PropertyValueSpecification\",\"valueRequired\":true,\"valueName\":\"search_term_string\"}}],\"inLanguage\":\"en-GB\"},{\"@type\":\"Organization\",\"@id\":\"https:\\\/\\\/mustolatimber.fi\\\/#organization\",\"name\":\"Mustola Timber\",\"url\":\"https:\\\/\\\/mustolatimber.fi\\\/\",\"logo\":{\"@type\":\"ImageObject\",\"inLanguage\":\"en-GB\",\"@id\":\"https:\\\/\\\/mustolatimber.fi\\\/#\\\/schema\\\/logo\\\/image\\\/\",\"url\":\"https:\\\/\\\/mustolatimber.fi\\\/wp-content\\\/uploads\\\/2024\\\/06\\\/MT-logo-valkoinen0.png\",\"contentUrl\":\"https:\\\/\\\/mustolatimber.fi\\\/wp-content\\\/uploads\\\/2024\\\/06\\\/MT-logo-valkoinen0.png\",\"width\":1182,\"height\":709,\"caption\":\"Mustola Timber\"},\"image\":{\"@id\":\"https:\\\/\\\/mustolatimber.fi\\\/#\\\/schema\\\/logo\\\/image\\\/\"}}]}<\/script>\n<!-- \/ Yoast SEO plugin. -->","yoast_head_json":{"title":"REKISTERI- JA TIETOSUOJASELOSTE - Mustola Timber","description":"T\u00e4m\u00e4 on Mustola Timber Oy:n EU:n yleisen tietosuoja-asetuksen (GDPR) mukainen rekisteri- ja tietosuojaseloste.","robots":{"index":"index","follow":"follow","max-snippet":"max-snippet:-1","max-image-preview":"max-image-preview:large","max-video-preview":"max-video-preview:-1"},"canonical":"https:\/\/mustolatimber.fi\/en\/rekisteri-ja-tietosuojaseloste\/","og_locale":"en_GB","og_type":"article","og_title":"REKISTERI- JA TIETOSUOJASELOSTE - Mustola Timber","og_description":"T\u00e4m\u00e4 on Mustola Timber Oy:n EU:n yleisen tietosuoja-asetuksen (GDPR) mukainen rekisteri- ja tietosuojaseloste.","og_url":"https:\/\/mustolatimber.fi\/en\/rekisteri-ja-tietosuojaseloste\/","og_site_name":"Mustola Timber","article_modified_time":"2024-07-29T11:24:30+00:00","twitter_card":"summary_large_image","twitter_misc":{"Estimated reading time":"4 minutes"},"schema":{"@context":"https:\/\/schema.org","@graph":[{"@type":"WebPage","@id":"https:\/\/mustolatimber.fi\/rekisteri-ja-tietosuojaseloste\/","url":"https:\/\/mustolatimber.fi\/rekisteri-ja-tietosuojaseloste\/","name":"REKISTERI- JA TIETOSUOJASELOSTE - Mustola Timber","isPartOf":{"@id":"https:\/\/mustolatimber.fi\/#website"},"datePublished":"2024-06-25T12:02:37+00:00","dateModified":"2024-07-29T11:24:30+00:00","description":"T\u00e4m\u00e4 on Mustola Timber Oy:n EU:n yleisen tietosuoja-asetuksen (GDPR) mukainen rekisteri- ja tietosuojaseloste.","breadcrumb":{"@id":"https:\/\/mustolatimber.fi\/rekisteri-ja-tietosuojaseloste\/#breadcrumb"},"inLanguage":"en-GB","potentialAction":[{"@type":"ReadAction","target":["https:\/\/mustolatimber.fi\/rekisteri-ja-tietosuojaseloste\/"]}]},{"@type":"BreadcrumbList","@id":"https:\/\/mustolatimber.fi\/rekisteri-ja-tietosuojaseloste\/#breadcrumb","itemListElement":[{"@type":"ListItem","position":1,"name":"Etusivu","item":"https:\/\/mustolatimber.fi\/"},{"@type":"ListItem","position":2,"name":"REKISTERI- JA TIETOSUOJASELOSTE"}]},{"@type":"WebSite","@id":"https:\/\/mustolatimber.fi\/#website","url":"https:\/\/mustolatimber.fi\/","name":"Mustola Timber","description":"Mustola Timber Oy on nykyaikainen sahalaitos Lappeenrannassa Saimaan kanavan varrella. Olemme toimineet vuodesta 1999. Yrityksemme p\u00e4\u00e4tuote on m\u00e4\u00e4r\u00e4mittainen kuusisahatavara, joka on sahattu erikoisdimensioihin asiakkaiden toiveiden mukaisesti.","publisher":{"@id":"https:\/\/mustolatimber.fi\/#organization"},"potentialAction":[{"@type":"SearchAction","target":{"@type":"EntryPoint","urlTemplate":"https:\/\/mustolatimber.fi\/?s={search_term_string}"},"query-input":{"@type":"PropertyValueSpecification","valueRequired":true,"valueName":"search_term_string"}}],"inLanguage":"en-GB"},{"@type":"Organization","@id":"https:\/\/mustolatimber.fi\/#organization","name":"Mustola Timber","url":"https:\/\/mustolatimber.fi\/","logo":{"@type":"ImageObject","inLanguage":"en-GB","@id":"https:\/\/mustolatimber.fi\/#\/schema\/logo\/image\/","url":"https:\/\/mustolatimber.fi\/wp-content\/uploads\/2024\/06\/MT-logo-valkoinen0.png","contentUrl":"https:\/\/mustolatimber.fi\/wp-content\/uploads\/2024\/06\/MT-logo-valkoinen0.png","width":1182,"height":709,"caption":"Mustola Timber"},"image":{"@id":"https:\/\/mustolatimber.fi\/#\/schema\/logo\/image\/"}}]}},"_links":{"self":[{"href":"https:\/\/mustolatimber.fi\/en\/wp-json\/wp\/v2\/pages\/1379","targetHints":{"allow":["GET"]}}],"collection":[{"href":"https:\/\/mustolatimber.fi\/en\/wp-json\/wp\/v2\/pages"}],"about":[{"href":"https:\/\/mustolatimber.fi\/en\/wp-json\/wp\/v2\/types\/page"}],"author":[{"embeddable":true,"href":"https:\/\/mustolatimber.fi\/en\/wp-json\/wp\/v2\/users\/1"}],"replies":[{"embeddable":true,"href":"https:\/\/mustolatimber.fi\/en\/wp-json\/wp\/v2\/comments?post=1379"}],"version-history":[{"count":2,"href":"https:\/\/mustolatimber.fi\/en\/wp-json\/wp\/v2\/pages\/1379\/revisions"}],"predecessor-version":[{"id":1383,"href":"https:\/\/mustolatimber.fi\/en\/wp-json\/wp\/v2\/pages\/1379\/revisions\/1383"}],"wp:attachment":[{"href":"https:\/\/mustolatimber.fi\/en\/wp-json\/wp\/v2\/media?parent=1379"}],"curies":[{"name":"wp","href":"https:\/\/api.w.org\/{rel}","templated":true}]}}