{"id":1075,"date":"2024-06-03T11:34:45","date_gmt":"2024-06-03T11:34:45","guid":{"rendered":"https:\/\/mustolantimber.vmh-productions.fi\/?page_id=1075"},"modified":"2024-07-29T11:31:51","modified_gmt":"2024-07-29T11:31:51","slug":"yhteydenottolomake","status":"publish","type":"page","link":"https:\/\/mustolatimber.fi\/en\/yhteydenottolomake\/","title":{"rendered":"Contact form"},"content":{"rendered":"<div data-colibri-id=\"1075-c1\" class=\"style-576 style-local-1075-c1 position-relative\">\r\n  <!---->\r\n  <div data-colibri-component=\"section\" data-colibri-id=\"1075-c2\" id=\"yhteydenottolomake\" class=\"h-section h-section-global-spacing d-flex align-items-lg-center align-items-md-center align-items-center style-989 style-local-1075-c2 position-relative\">\r\n    <!---->\r\n    <!---->\r\n    <div class=\"h-section-grid-container h-section-boxed-container\">\r\n      <!---->\r\n      <div data-colibri-id=\"1075-c3\" class=\"h-row-container gutters-row-lg-0 gutters-row-md-0 gutters-row-0 gutters-row-v-lg-0 gutters-row-v-md-0 gutters-row-v-0 style-990 style-local-1075-c3 position-relative\">\r\n        <!---->\r\n        <div class=\"h-row justify-content-lg-center justify-content-md-center justify-content-center align-items-lg-stretch align-items-md-stretch align-items-stretch gutters-col-lg-0 gutters-col-md-0 gutters-col-0 gutters-col-v-lg-0 gutters-col-v-md-0 gutters-col-v-0\">\r\n          <!---->\r\n          <div class=\"h-column h-column-container d-flex h-col-lg-auto h-col-md-auto h-col-auto style-991-outer style-local-1075-c4-outer\">\r\n            <div data-colibri-id=\"1075-c4\" class=\"d-flex h-flex-basis h-column__inner h-px-lg-2 h-px-md-2 h-px-2 v-inner-lg-2 v-inner-md-2 v-inner-2 style-991 style-local-1075-c4 position-relative\">\r\n              <!---->\r\n              <!---->\r\n              <div class=\"w-100 h-y-container h-column__content h-column__v-align flex-basis-auto align-self-lg-start align-self-md-start align-self-start\">\r\n                <!---->\r\n                <div data-colibri-id=\"1075-c5\" class=\"h-global-transition-all h-heading style-992 style-local-1075-c5 position-relative h-element\">\r\n                  <!---->\r\n                  <div class=\"h-heading__outer style-992 style-local-1075-c5\">\r\n                    <!---->\r\n                    <!---->\r\n                    <h3 class=\"\">Contact<\/h3>\r\n                  <\/div>\r\n                <\/div>\r\n              <\/div>\r\n            <\/div>\r\n          <\/div>\r\n        <\/div>\r\n      <\/div>\r\n      <div data-colibri-id=\"1075-c6\" class=\"h-row-container gutters-row-lg-2 gutters-row-md-2 gutters-row-2 gutters-row-v-lg-0 gutters-row-v-md-0 gutters-row-v-2 style-993 style-local-1075-c6 position-relative\">\r\n        <!---->\r\n        <div class=\"h-row justify-content-lg-center justify-content-md-center justify-content-center align-items-lg-stretch align-items-md-stretch align-items-stretch gutters-col-lg-2 gutters-col-md-2 gutters-col-2 gutters-col-v-lg-0 gutters-col-v-md-0 gutters-col-v-2\">\r\n          <!---->\r\n          <div class=\"h-column h-column-container d-flex h-col-lg-auto h-col-md-auto h-col-auto style-994-outer style-local-1075-c7-outer\">\r\n            <div data-colibri-id=\"1075-c7\" class=\"d-flex h-flex-basis h-column__inner h-px-lg-2 h-px-md-2 h-px-2 v-inner-lg-2 v-inner-md-2 v-inner-2 style-994 style-local-1075-c7 position-relative\">\r\n              <!---->\r\n              <!---->\r\n              <div class=\"w-100 h-y-container h-column__content h-column__v-align flex-basis-100 align-self-lg-start align-self-md-start align-self-start\">\r\n                <!---->\r\n                <div data-colibri-id=\"1075-c8\" class=\"h-contact-form__outer--forminator style-995 style-local-1075-c8 position-relative h-element\">\r\n                  <!---->\r\n                  <div class=\"h-global-transition-all h-global-transition h-global-transition-all h-contact-form-shortcode\"><div class=\"forminator-ui forminator-custom-form forminator-custom-form-1300 forminator-design--default  forminator_ajax\" data-forminator-render=\"0\" data-form=\"forminator-module-1300\" data-uid=\"69d040df63fe9\"><br\/><\/div><form\n\t\t\t\tid=\"forminator-module-1300\"\n\t\t\t\tclass=\"forminator-ui forminator-custom-form forminator-custom-form-1300 forminator-design--default  forminator_ajax\"\n\t\t\t\tmethod=\"post\"\n\t\t\t\tdata-forminator-render=\"0\"\n\t\t\t\tdata-form-id=\"1300\"\n\t\t\t\t data-color-option=\"default\" data-design=\"default\" data-grid=\"open\" style=\"display: none;\"\n\t\t\t\tdata-uid=\"69d040df63fe9\" action=\"\"\n\t\t\t><div role=\"alert\" aria-live=\"polite\" class=\"forminator-response-message forminator-error\" aria-hidden=\"true\"><\/div><div class=\"forminator-row\"><div id=\"name-1\" class=\"forminator-field-name forminator-col forminator-col-12\"><div class=\"forminator-field\"><label for=\"forminator-field-name-1_69d040df63fe9\" id=\"forminator-field-name-1_69d040df63fe9-label\" class=\"forminator-label\">Name <span class=\"forminator-required\">*<\/span><\/label><input type=\"text\" name=\"name-1\" value=\"\" placeholder=\"\" id=\"forminator-field-name-1_69d040df63fe9\" class=\"forminator-input forminator-name--field\" aria-required=\"true\" autocomplete=\"name\" \/><\/div><\/div><\/div><div class=\"forminator-row\"><div id=\"phone-1\" class=\"forminator-field-phone forminator-col forminator-col-6\"><div class=\"forminator-field\"><label for=\"forminator-field-phone-1_69d040df63fe9\" id=\"forminator-field-phone-1_69d040df63fe9-label\" class=\"forminator-label\">Phone number <span class=\"forminator-required\">*<\/span><\/label><input type=\"text\" name=\"phone-1\" value=\"\" placeholder=\"\" id=\"forminator-field-phone-1_69d040df63fe9\" class=\"forminator-input forminator-field--phone\" data-required=\"1\" aria-required=\"true\" autocomplete=\"off\" data-validation=\"1\" \/><\/div><\/div><div id=\"email-1\" class=\"forminator-field-email forminator-col forminator-col-6\"><div class=\"forminator-field\"><label for=\"forminator-field-email-1_69d040df63fe9\" id=\"forminator-field-email-1_69d040df63fe9-label\" class=\"forminator-label\">Email address <span class=\"forminator-required\">*<\/span><\/label><input type=\"email\" name=\"email-1\" value=\"\" placeholder=\"\" id=\"forminator-field-email-1_69d040df63fe9\" class=\"forminator-input forminator-email--field\" data-required=\"1\" aria-required=\"true\" autocomplete=\"email\" \/><\/div><\/div><\/div><div class=\"forminator-row\"><div id=\"textarea-1\" class=\"forminator-field-textarea forminator-col forminator-col-12\"><div class=\"forminator-field\"><label for=\"forminator-field-textarea-1_69d040df63fe9\" id=\"forminator-field-textarea-1_69d040df63fe9-label\" class=\"forminator-label\">Message<\/label><textarea name=\"textarea-1\" placeholder=\"Do you want to request a quotation or maybe you have some other questions?\" id=\"forminator-field-textarea-1_69d040df63fe9\" class=\"forminator-textarea\" rows=\"6\" style=\"min-height:140px;\" maxlength=\"180\" ><\/textarea><span id=\"forminator-field-textarea-1_69d040df63fe9-description\" class=\"forminator-description\"><span data-limit=\"180\" data-type=\"characters\" data-editor=\"\">0 \/ 180<\/span><\/span><\/div><\/div><\/div><div class=\"forminator-row\" style=\"margin: 0;\"><div id=\"captcha-1\" class=\"forminator-field-captcha  forminator-col-12\"><div class=\"forminator-captcha-left forminator-g-recaptcha recaptcha-invisible\" data-theme=\"light\" data-badge=\"bottomright\" data-sitekey=\"6LesKeopAAAAAIxUSk2HgUcR0X-tS0J6ghVfQljX\" data-size=\"invisible\"><\/div> <\/div><\/div><input type=\"hidden\" name=\"referer_url\" value=\"\" \/><div class=\"forminator-row forminator-row-last\"><div class=\"forminator-col\"><div class=\"forminator-field\"><button class=\"forminator-button forminator-button-submit\">Send form<\/button><\/div><\/div><\/div><input type=\"hidden\" id=\"forminator_nonce\" name=\"forminator_nonce\" value=\"d85c031941\" \/><input type=\"hidden\" name=\"_wp_http_referer\" value=\"\/en\/wp-json\/wp\/v2\/pages\/1075\" \/><input type=\"hidden\" name=\"form_id\" value=\"1300\"><input type=\"hidden\" name=\"page_id\" value=\"1075\"><input type=\"hidden\" name=\"form_type\" value=\"default\"><input type=\"hidden\" name=\"current_url\" value=\"https:\/\/mustolatimber.fi\/en\/yhteydenottolomake\/\"><input type=\"hidden\" name=\"render_id\" value=\"0\"><input type=\"hidden\" name=\"action\" value=\"forminator_submit_form_custom-forms\"><input type=\"hidden\" name=\"trp-form-language\" value=\"en\"\/><\/form><\/div>\r\n                <\/div>\r\n              <\/div>\r\n            <\/div>\r\n          <\/div>\r\n        <\/div>\r\n      <\/div>\r\n    <\/div>\r\n  <\/div>\r\n  <div data-colibri-component=\"section\" data-colibri-id=\"1075-c9\" id=\"contact-2\" class=\"h-section h-section-global-spacing d-flex align-items-lg-center align-items-md-center align-items-center style-584 style-local-1075-c9 position-relative\">\r\n    <!---->\r\n    <!---->\r\n    <div class=\"h-section-grid-container h-section-fluid-container\">\r\n      <!---->\r\n      <div data-colibri-id=\"1075-c10\" class=\"h-row-container gutters-row-lg-0 gutters-row-md-0 gutters-row-0 gutters-row-v-lg-0 gutters-row-v-md-0 gutters-row-v-0 style-585 style-local-1075-c10 position-relative\">\r\n        <!---->\r\n        <div class=\"h-row justify-content-lg-center justify-content-md-center justify-content-center align-items-lg-stretch align-items-md-stretch align-items-stretch gutters-col-lg-0 gutters-col-md-0 gutters-col-0 gutters-col-v-lg-0 gutters-col-v-md-0 gutters-col-v-0\">\r\n          <!---->\r\n          <div class=\"h-column h-column-container d-flex h-col-lg-auto h-col-md-auto h-col-auto style-586-outer style-local-1075-c11-outer\">\r\n            <div data-colibri-id=\"1075-c11\" class=\"d-flex h-flex-basis h-column__inner h-ui-empty-state-container h-px-lg-0 h-px-md-0 h-px-0 v-inner-lg-0 v-inner-md-0 v-inner-0 style-586 style-local-1075-c11 position-relative\">\r\n              <!---->\r\n              <!---->\r\n              <div class=\"w-100 h-y-container h-column__content h-column__v-align flex-basis-100\">\r\n                <!---->\r\n              <\/div>\r\n            <\/div>\r\n          <\/div>\r\n          <div class=\"h-column h-column-container d-flex h-col-lg-auto h-col-md-auto h-col-auto style-587-outer style-local-1075-c12-outer\">\r\n            <div data-colibri-id=\"1075-c12\" class=\"d-flex h-flex-basis h-column__inner h-px-lg-3 h-px-md-3 h-px-3 v-inner-lg-3 v-inner-md-3 v-inner-3 style-587 style-local-1075-c12 position-relative\">\r\n              <!---->\r\n              <!---->\r\n              <div class=\"w-100 h-y-container h-column__content h-column__v-align flex-basis-100 align-self-lg-center align-self-md-center align-self-center\">\r\n                <!---->\r\n                <div data-colibri-id=\"1075-c13\" class=\"h-global-transition-all h-heading style-588 style-local-1075-c13 position-relative h-element\">\r\n                  <!---->\r\n                  <div class=\"h-heading__outer style-588 style-local-1075-c13\">\r\n                    <!---->\r\n                    <!---->\r\n                    <h2 class=\"\">Contact<\/h2>\r\n                  <\/div>\r\n                <\/div>\r\n                <div data-colibri-id=\"1075-c14\" class=\"h-text h-text-component style-589 style-local-1075-c14 position-relative h-element\">\r\n                  <!---->\r\n                  <!---->\r\n                  <div class=\"\">\r\n                    <p><strong>Mustola Timber Oy<\/strong>\r\n                      <br>y-tunnus 1506031-3\r\n                      <br> Terminaalinkatu 20, 53420 Lappeenranta<\/p>\r\n                    <p><strong>Toimisto \/ Laskutus:<\/strong>\r\n                      <br> <em>info@mustolatimber.fi<\/em><\/p>\r\n                  <\/div>\r\n                <\/div>\r\n                <div data-colibri-id=\"1075-c15\" class=\"h-x-container style-996 style-local-1075-c15 position-relative h-element\">\r\n                  <!---->\r\n                  <div class=\"h-x-container-inner style-dynamic-1075-c15-group style-996-spacing style-local-1075-c15-spacing\"><span class=\"h-button__outer style-877-outer style-local-1075-c16-outer d-inline-flex h-element\"><a h-use-smooth-scroll=\"true\" href=\"\/en\/yhteystiedot\/\"  data-colibri-id=\"1075-c16\" class=\"d-flex w-100 align-items-center h-button justify-content-lg-center justify-content-md-center justify-content-center style-877 style-local-1075-c16 position-relative\"><!----><!----> <span>Henkil\u00f6st\u00f6n yhteystiedot<\/span><\/a>\r\n                    <\/span>\r\n                  <\/div>\r\n                <\/div>\r\n              <\/div>\r\n            <\/div>\r\n          <\/div>\r\n        <\/div>\r\n      <\/div>\r\n    <\/div>\r\n  <\/div>\r\n<\/div>","protected":false},"excerpt":{"rendered":"<p>Ota yhteytt\u00e4 Yhteystiedot Mustola Timber Oy y-tunnus 1506031-3 Terminaalinkatu 20, 53420 Lappeenranta Toimisto \/ Laskutus: info@mustolatimber.fi Henkil\u00f6st\u00f6n yhteystiedot<\/p>","protected":false},"author":1,"featured_media":0,"parent":0,"menu_order":0,"comment_status":"closed","ping_status":"closed","template":"page-templates\/full-width-page.php","meta":{"footnotes":""},"class_list":["post-1075","page","type-page","status-publish","hentry"],"yoast_head":"<!-- This site is optimized with the Yoast SEO plugin v27.3 - https:\/\/yoast.com\/product\/yoast-seo-wordpress\/ -->\n<title>Yhteydenottolomake - Mustola Timber<\/title>\n<meta name=\"description\" content=\"Her\u00e4sik\u00f6 sinulle kysytt\u00e4v\u00e4\u00e4 tarjoamistamme palveluista tai haluisitko tarjouksen? Ota yhteytt\u00e4 ja pyyd\u00e4 tarjous! Mustola TImber Lappeenranta\" \/>\n<meta name=\"robots\" content=\"index, follow, max-snippet:-1, max-image-preview:large, max-video-preview:-1\" \/>\n<link rel=\"canonical\" href=\"https:\/\/mustolatimber.fi\/en\/yhteydenottolomake\/\" \/>\n<meta property=\"og:locale\" content=\"en_GB\" \/>\n<meta property=\"og:type\" content=\"article\" \/>\n<meta property=\"og:title\" content=\"Yhteydenottolomake - Mustola Timber\" \/>\n<meta property=\"og:description\" content=\"Her\u00e4sik\u00f6 sinulle kysytt\u00e4v\u00e4\u00e4 tarjoamistamme palveluista tai haluisitko tarjouksen? Ota yhteytt\u00e4 ja pyyd\u00e4 tarjous! Mustola TImber Lappeenranta\" \/>\n<meta property=\"og:url\" content=\"https:\/\/mustolatimber.fi\/en\/yhteydenottolomake\/\" \/>\n<meta property=\"og:site_name\" content=\"Mustola Timber\" \/>\n<meta property=\"article:modified_time\" content=\"2024-07-29T11:31:51+00:00\" \/>\n<meta name=\"twitter:card\" content=\"summary_large_image\" \/>\n<meta name=\"twitter:label1\" content=\"Estimated reading time\" \/>\n\t<meta name=\"twitter:data1\" content=\"1 minute\" \/>\n<script type=\"application\/ld+json\" class=\"yoast-schema-graph\">{\"@context\":\"https:\\\/\\\/schema.org\",\"@graph\":[{\"@type\":\"WebPage\",\"@id\":\"https:\\\/\\\/mustolatimber.fi\\\/yhteydenottolomake\\\/\",\"url\":\"https:\\\/\\\/mustolatimber.fi\\\/yhteydenottolomake\\\/\",\"name\":\"Yhteydenottolomake - Mustola Timber\",\"isPartOf\":{\"@id\":\"https:\\\/\\\/mustolatimber.fi\\\/#website\"},\"datePublished\":\"2024-06-03T11:34:45+00:00\",\"dateModified\":\"2024-07-29T11:31:51+00:00\",\"description\":\"Her\u00e4sik\u00f6 sinulle kysytt\u00e4v\u00e4\u00e4 tarjoamistamme palveluista tai haluisitko tarjouksen? Ota yhteytt\u00e4 ja pyyd\u00e4 tarjous! Mustola TImber Lappeenranta\",\"breadcrumb\":{\"@id\":\"https:\\\/\\\/mustolatimber.fi\\\/yhteydenottolomake\\\/#breadcrumb\"},\"inLanguage\":\"en-GB\",\"potentialAction\":[{\"@type\":\"ReadAction\",\"target\":[\"https:\\\/\\\/mustolatimber.fi\\\/yhteydenottolomake\\\/\"]}]},{\"@type\":\"BreadcrumbList\",\"@id\":\"https:\\\/\\\/mustolatimber.fi\\\/yhteydenottolomake\\\/#breadcrumb\",\"itemListElement\":[{\"@type\":\"ListItem\",\"position\":1,\"name\":\"Etusivu\",\"item\":\"https:\\\/\\\/mustolatimber.fi\\\/\"},{\"@type\":\"ListItem\",\"position\":2,\"name\":\"Yhteydenottolomake\"}]},{\"@type\":\"WebSite\",\"@id\":\"https:\\\/\\\/mustolatimber.fi\\\/#website\",\"url\":\"https:\\\/\\\/mustolatimber.fi\\\/\",\"name\":\"Mustola Timber\",\"description\":\"Mustola Timber Oy on nykyaikainen sahalaitos Lappeenrannassa Saimaan kanavan varrella. Olemme toimineet vuodesta 1999. Yrityksemme p\u00e4\u00e4tuote on m\u00e4\u00e4r\u00e4mittainen kuusisahatavara, joka on sahattu erikoisdimensioihin asiakkaiden toiveiden mukaisesti.\",\"publisher\":{\"@id\":\"https:\\\/\\\/mustolatimber.fi\\\/#organization\"},\"potentialAction\":[{\"@type\":\"SearchAction\",\"target\":{\"@type\":\"EntryPoint\",\"urlTemplate\":\"https:\\\/\\\/mustolatimber.fi\\\/?s={search_term_string}\"},\"query-input\":{\"@type\":\"PropertyValueSpecification\",\"valueRequired\":true,\"valueName\":\"search_term_string\"}}],\"inLanguage\":\"en-GB\"},{\"@type\":\"Organization\",\"@id\":\"https:\\\/\\\/mustolatimber.fi\\\/#organization\",\"name\":\"Mustola Timber\",\"url\":\"https:\\\/\\\/mustolatimber.fi\\\/\",\"logo\":{\"@type\":\"ImageObject\",\"inLanguage\":\"en-GB\",\"@id\":\"https:\\\/\\\/mustolatimber.fi\\\/#\\\/schema\\\/logo\\\/image\\\/\",\"url\":\"https:\\\/\\\/mustolatimber.fi\\\/wp-content\\\/uploads\\\/2024\\\/06\\\/MT-logo-valkoinen0.png\",\"contentUrl\":\"https:\\\/\\\/mustolatimber.fi\\\/wp-content\\\/uploads\\\/2024\\\/06\\\/MT-logo-valkoinen0.png\",\"width\":1182,\"height\":709,\"caption\":\"Mustola Timber\"},\"image\":{\"@id\":\"https:\\\/\\\/mustolatimber.fi\\\/#\\\/schema\\\/logo\\\/image\\\/\"}}]}<\/script>\n<!-- \/ Yoast SEO plugin. -->","yoast_head_json":{"title":"Yhteydenottolomake - Mustola Timber","description":"Her\u00e4sik\u00f6 sinulle kysytt\u00e4v\u00e4\u00e4 tarjoamistamme palveluista tai haluisitko tarjouksen? Ota yhteytt\u00e4 ja pyyd\u00e4 tarjous! Mustola TImber Lappeenranta","robots":{"index":"index","follow":"follow","max-snippet":"max-snippet:-1","max-image-preview":"max-image-preview:large","max-video-preview":"max-video-preview:-1"},"canonical":"https:\/\/mustolatimber.fi\/en\/yhteydenottolomake\/","og_locale":"en_GB","og_type":"article","og_title":"Yhteydenottolomake - Mustola Timber","og_description":"Her\u00e4sik\u00f6 sinulle kysytt\u00e4v\u00e4\u00e4 tarjoamistamme palveluista tai haluisitko tarjouksen? Ota yhteytt\u00e4 ja pyyd\u00e4 tarjous! Mustola TImber Lappeenranta","og_url":"https:\/\/mustolatimber.fi\/en\/yhteydenottolomake\/","og_site_name":"Mustola Timber","article_modified_time":"2024-07-29T11:31:51+00:00","twitter_card":"summary_large_image","twitter_misc":{"Estimated reading time":"1 minute"},"schema":{"@context":"https:\/\/schema.org","@graph":[{"@type":"WebPage","@id":"https:\/\/mustolatimber.fi\/yhteydenottolomake\/","url":"https:\/\/mustolatimber.fi\/yhteydenottolomake\/","name":"Yhteydenottolomake - Mustola Timber","isPartOf":{"@id":"https:\/\/mustolatimber.fi\/#website"},"datePublished":"2024-06-03T11:34:45+00:00","dateModified":"2024-07-29T11:31:51+00:00","description":"Her\u00e4sik\u00f6 sinulle kysytt\u00e4v\u00e4\u00e4 tarjoamistamme palveluista tai haluisitko tarjouksen? Ota yhteytt\u00e4 ja pyyd\u00e4 tarjous! Mustola TImber Lappeenranta","breadcrumb":{"@id":"https:\/\/mustolatimber.fi\/yhteydenottolomake\/#breadcrumb"},"inLanguage":"en-GB","potentialAction":[{"@type":"ReadAction","target":["https:\/\/mustolatimber.fi\/yhteydenottolomake\/"]}]},{"@type":"BreadcrumbList","@id":"https:\/\/mustolatimber.fi\/yhteydenottolomake\/#breadcrumb","itemListElement":[{"@type":"ListItem","position":1,"name":"Etusivu","item":"https:\/\/mustolatimber.fi\/"},{"@type":"ListItem","position":2,"name":"Yhteydenottolomake"}]},{"@type":"WebSite","@id":"https:\/\/mustolatimber.fi\/#website","url":"https:\/\/mustolatimber.fi\/","name":"Mustola Timber","description":"Mustola Timber Oy on nykyaikainen sahalaitos Lappeenrannassa Saimaan kanavan varrella. Olemme toimineet vuodesta 1999. Yrityksemme p\u00e4\u00e4tuote on m\u00e4\u00e4r\u00e4mittainen kuusisahatavara, joka on sahattu erikoisdimensioihin asiakkaiden toiveiden mukaisesti.","publisher":{"@id":"https:\/\/mustolatimber.fi\/#organization"},"potentialAction":[{"@type":"SearchAction","target":{"@type":"EntryPoint","urlTemplate":"https:\/\/mustolatimber.fi\/?s={search_term_string}"},"query-input":{"@type":"PropertyValueSpecification","valueRequired":true,"valueName":"search_term_string"}}],"inLanguage":"en-GB"},{"@type":"Organization","@id":"https:\/\/mustolatimber.fi\/#organization","name":"Mustola Timber","url":"https:\/\/mustolatimber.fi\/","logo":{"@type":"ImageObject","inLanguage":"en-GB","@id":"https:\/\/mustolatimber.fi\/#\/schema\/logo\/image\/","url":"https:\/\/mustolatimber.fi\/wp-content\/uploads\/2024\/06\/MT-logo-valkoinen0.png","contentUrl":"https:\/\/mustolatimber.fi\/wp-content\/uploads\/2024\/06\/MT-logo-valkoinen0.png","width":1182,"height":709,"caption":"Mustola Timber"},"image":{"@id":"https:\/\/mustolatimber.fi\/#\/schema\/logo\/image\/"}}]}},"_links":{"self":[{"href":"https:\/\/mustolatimber.fi\/en\/wp-json\/wp\/v2\/pages\/1075","targetHints":{"allow":["GET"]}}],"collection":[{"href":"https:\/\/mustolatimber.fi\/en\/wp-json\/wp\/v2\/pages"}],"about":[{"href":"https:\/\/mustolatimber.fi\/en\/wp-json\/wp\/v2\/types\/page"}],"author":[{"embeddable":true,"href":"https:\/\/mustolatimber.fi\/en\/wp-json\/wp\/v2\/users\/1"}],"replies":[{"embeddable":true,"href":"https:\/\/mustolatimber.fi\/en\/wp-json\/wp\/v2\/comments?post=1075"}],"version-history":[{"count":3,"href":"https:\/\/mustolatimber.fi\/en\/wp-json\/wp\/v2\/pages\/1075\/revisions"}],"predecessor-version":[{"id":1367,"href":"https:\/\/mustolatimber.fi\/en\/wp-json\/wp\/v2\/pages\/1075\/revisions\/1367"}],"wp:attachment":[{"href":"https:\/\/mustolatimber.fi\/en\/wp-json\/wp\/v2\/media?parent=1075"}],"curies":[{"name":"wp","href":"https:\/\/api.w.org\/{rel}","templated":true}]}}